{"id":1791,"date":"2026-05-12T14:23:21","date_gmt":"2026-05-12T12:23:21","guid":{"rendered":"https:\/\/spitzbergen-adventures.com\/?page_id=1791"},"modified":"2026-05-12T14:29:55","modified_gmt":"2026-05-12T12:29:55","slug":"atv-safari","status":"publish","type":"page","link":"https:\/\/spitzbergen-adventures.com\/no\/atv-safari\/","title":{"rendered":"ATV-safari"},"content":{"rendered":"<div class=\"gb-container gb-container-b930e31e toppbunn5\">\n<div class=\"gb-container gb-container-4e029fdc\">\n<h1 class=\"gb-headline gb-headline-2049d0a9 gb-headline-text stor\">ATV-safari<\/h1>\n<\/div>\n<\/div>\n\n<div class=\"gb-container gb-container-b9993542 toppbunn5\">\n<div class=\"gb-container gb-container-ee122286\">\n\n<h2 class=\"gb-headline gb-headline-d016cee5 gb-headline-text stormedium\">Arktisk ATV-safari og dyrelivstur i Adventdalen \u2013 Halvdagstur i spektakul\u00e6rt Svalbardlandskap<\/h2>\n\n\n\n<p class=\"has-text-align-left\">Bli med p\u00e5 en spennende ATV-safari i Adventdalen, en perfekt tur for deg som \u00f8nsker \u00e5 oppleve Svalbards unike natur, dyreliv og historie p\u00e5 en komfortabel og tilgjengelig m\u00e5te. Denne halvdagsturen tar deg gjennom et klassisk arktisk landskap med vide dalbunner, h\u00f8ye fjell og gode muligheter for \u00e5 oppleve Svalbards dyreliv p\u00e5 n\u00e6rt hold.<\/p>\n\n\n\n<p class=\"has-text-align-left\">Vi henter deg p\u00e5 overnattingsstedet ditt i Longyearbyen og kj\u00f8rer til v\u00e5r base, hvor du f\u00e5r n\u00f8dvendig ATV-utstyr, sikkerhetsbriefing og en grundig gjennomgang av kj\u00f8ret\u00f8yet. Turen er tilpasset b\u00e5de nybegynnere og erfarne f\u00f8rere, og v\u00e5re guider s\u00f8rger for at du f\u00f8ler deg trygg og komfortabel f\u00f8r vi starter.<\/p>\n\n\n\n<p>Fra Longyearbyen kj\u00f8rer vi inn i Adventdalen langs godkjente veier og gjennom et av Svalbards mest ikoniske landskap. Underveis gj\u00f8r vi flere stopp ved interessante kulturhistoriske steder, hvor guiden forteller om omr\u00e5dets historie, gruvedrift, dyreliv og den unike arktiske naturen. Det er ikke uvanlig \u00e5 se svalbardrein eller fjellrev p\u00e5 denne turen, og med litt flaks kan vi oppleve dyrelivet p\u00e5 n\u00e6rt hold.<\/p>\n\n\n\n<p>Underveis tar vi en pause i det vakre landskapet hvor vi nyter varm drikke og kjeks mens vi tar inn stillheten og utsikten over Adventdalen og de omkringliggende fjellene. Dette er en perfekt anledning til \u00e5 ta bilder og oppleve den ekte arktiske atmosf\u00e6ren.<\/p>\n\n\n\n<p class=\"has-text-align-left\">Turen gir en flott kombinasjon av natur, dyreliv, historie og arktisk eventyr \u2013 perfekt for alle som \u00f8nsker en autentisk Svalbardopplevelse.<\/p>\n\n\n\n<h2 class=\"gb-headline gb-headline-a548422d gb-headline-text mediumliten\">Detaljer om turen<\/h2>\n\n\n\n<a class=\"gb-button gb-button-591ab746 btn-main smooth-scroll\" href=\"#tourdetails\"><span class=\"gb-icon\"><svg viewBox=\"0 0 256 256\" height=\"32\" width=\"32\" xmlns=\"http:\/\/www.w3.org\/2000\/svg\"><path d=\"m205.66 149.66l-72 72a8 8 0 0 1-11.32 0l-72-72a8 8 0 0 1 11.32-11.32L120 196.69V40a8 8 0 0 1 16 0v156.69l58.34-58.35a8 8 0 0 1 11.32 11.32\" fill=\"currentColor\"><\/path><\/svg><\/span><\/a>\n\n<\/div>\n<\/div>\n\n\n<figure class=\"gb-block-image gb-block-image-be9bf5b7\"><img loading=\"lazy\" decoding=\"async\" width=\"1920\" height=\"837\" class=\"gb-image gb-image-be9bf5b7\" src=\"https:\/\/spitzbergen-adventures.com\/wp-content\/uploads\/2026\/05\/ATV-2-1.webp\" alt=\"ATV 2\" title=\"ATV-2-1\" srcset=\"https:\/\/spitzbergen-adventures.com\/wp-content\/uploads\/2026\/05\/ATV-2-1.webp 1920w, https:\/\/spitzbergen-adventures.com\/wp-content\/uploads\/2026\/05\/ATV-2-1-300x131.webp 300w, https:\/\/spitzbergen-adventures.com\/wp-content\/uploads\/2026\/05\/ATV-2-1-1024x446.webp 1024w, https:\/\/spitzbergen-adventures.com\/wp-content\/uploads\/2026\/05\/ATV-2-1-768x335.webp 768w, https:\/\/spitzbergen-adventures.com\/wp-content\/uploads\/2026\/05\/ATV-2-1-1536x670.webp 1536w\" sizes=\"auto, (max-width: 1920px) 100vw, 1920px\" \/><\/figure>\n\n\n<div class=\"gb-container gb-container-80bf8e25 toppbunn5\" id=\"tourdetails\">\n<div class=\"gb-container gb-container-0694cfc0\">\n\n<h2 class=\"gb-headline gb-headline-0efd3890 gb-headline-text stormedium\">Detaljer om turen<\/h2>\n\n\n<div class=\"gb-container gb-container-7ac45a71\">\n<div class=\"gb-container gb-container-f27fee6d\">\n\n<div>\n<h2 class=\"gb-text medium\">Hvorfor velge denne turen?<\/h2>\n\n\n\n<ul class=\"wp-block-list\">\n<li>Halvdagstur med ATV i Adventdalen<\/li>\n\n\n\n<li>Gode muligheter for \u00e5 se svalbardrein og fjellrev<\/li>\n\n\n\n<li>Spektakul\u00e6rt arktisk landskap<\/li>\n\n\n\n<li>Kulturhistoriske stopp underveis<\/li>\n\n\n\n<li>Varm drikke og kjeks inkludert<\/li>\n\n\n\n<li>Transport fra og til overnattingssted<\/li>\n\n\n\n<li>Erfarne guider og fullt sikkerhetsutstyr<\/li>\n\n\n\n<li>Passer for b\u00e5de nybegynnere og erfarne f\u00f8rere<\/li>\n<\/ul>\n<\/div>\n\n\n\n<div>\n<h2 class=\"gb-text medium\">Hva er inkludert?<\/h2>\n\n\n\n<p><strong>Alt du trenger for en uforglemmelig arktisk opplevelse er inkludert:<br><\/strong>ATV, drivstoff, s\u00f8k- og redningsforsikring, varm kj\u00f8redress, hjelm, st\u00f8vler, votter, ansiktsmaske, varm drikke og kjeks samt transport til og fra overnattingssted. For \u00e5 holde deg komfortabel gjennom hele turen anbefaler vi varme ullsokker og ullundert\u00f8y. Det er ogs\u00e5 lurt \u00e5 ha med en liten sekk med ekstra kl\u00e6r. Dersom du bruker briller anbefaler vi kontaktlinser under turen.<\/p>\n<\/div>\n\n\n\n<div>\n<h2 class=\"gb-text medium\">Vilk\u00e5r for dagsturer og aktiviteter:<\/h2>\n\n\n\n<p>De fleste aktiviteter krever et minimum antall deltakere. Minimum 1 sj\u00e5f\u00f8r. Vi forbeholder oss retten til \u00e5 gj\u00f8re endringer i priser, ruter, minimum antall deltakere og avgangstider. Turer er v\u00e6ravhengige og kan bli justert eller kansellert ved behov. Aktiviteter kan etter foresp\u00f8rsel arrangeres utenfor ordin\u00e6re avgangstider dersom minimum antall deltakere er oppfylt.<\/p>\n<\/div>\n\n<\/div>\n\n<div class=\"gb-container gb-container-a7d94bb7\">\n\n<div>\n<h2 class=\"gb-text medium\">Sikkerhet og viktig informasjon:<\/h2>\n\n\n\n<p>Din sikkerhet er v\u00e5r h\u00f8yeste prioritet. Ruten kan derfor bli justert avhengig av v\u00e6r- og f\u00f8reforhold, uten at dette p\u00e5virker prisen p\u00e5 turen. Alle deltakere m\u00e5 f\u00f8lge guidens instruksjoner til enhver tid.<\/p>\n\n\n\n<ul class=\"wp-block-list\">\n<li>Barn m\u00e5 v\u00e6re minimum 8 \u00e5r for \u00e5 delta p\u00e5 turen.<\/li>\n\n\n\n<li>ATV-kj\u00f8ring skjer p\u00e5 godkjente veier i Adventdalen i henhold til Svalbardmilj\u00f8loven, og kj\u00f8ring p\u00e5 bar eller tint mark er ikke tillatt.<\/li>\n\n\n\n<li>Alle sj\u00e5f\u00f8rer m\u00e5 ha gyldig f\u00f8rerkort for personbil (klasse B), og f\u00f8rerkortet m\u00e5 medbringes p\u00e5 turen.<\/li>\n\n\n\n<li>Gravide kan dessverre ikke delta av sikkerhetsmessige \u00e5rsaker.<\/li>\n\n\n\n<li>Kj\u00f8ring under p\u00e5virkning av alkohol eller rusmidler er strengt forbudt.<\/li>\n\n\n\n<li>S\u00f8k- og redningsforsikring er inkludert, men alle gjester m\u00e5 ha egen reiseforsikring.<\/li>\n\n\n\n<li>Ved materiell skade p\u00e5 kj\u00f8ret\u00f8y som skyldes uaktsomhet, vil en egenandel for forsikringen bli belastet sj\u00e5f\u00f8ren.<\/li>\n<\/ul>\n<\/div>\n\n\n\n<div>\n<h2 class=\"gb-text medium\">Avbestillingsregler \u2013 dagsturer og aktiviteter:<\/h2>\n\n\n\n<ul class=\"wp-block-list\">\n<li>Avbestilling inntil 22 dager f\u00f8r aktivitet: 100 % refusjon<\/li>\n\n\n\n<li>Avbestilling 21\u20138 dager f\u00f8r aktivitet: 50 % refusjon<\/li>\n\n\n\n<li>Avbestilling 7\u20130 dager f\u00f8r aktivitet: regnes som uteblivelse og refunderes ikke<\/li>\n<\/ul>\n\n\n\n<p>Dersom du har reiseforsikring, kan du normalt s\u00f8ke refusjon direkte fra forsikringsselskapet ved sykdom eller andre uforutsette hendelser, vanligvis mot legeerkl\u00e6ring.<\/p>\n<\/div>\n\n<\/div>\n<\/div>\n<\/div>\n<\/div>\n\n<div class=\"gb-container gb-container-ec4841ba toppbunn5\">\n<div class=\"gb-container gb-container-fd978a2f\">\n\n<h2 class=\"gb-headline gb-headline-dc9d715f gb-headline-text stormedium\">Galleri<\/h2>\n\n\n<div class=\"gb-container gb-container-b6846e32\">\n\n<div class=\"wp-block-image-gallery-block-image-gallery-block\"><div class=\"eb-parent-wrapper eb-parent-eb-image-gallery-v986f \"><div class=\"eb-gallery-img-wrapper eb-image-gallery-v986f grid overlay-bottom caption-style-0   no-isotope \" data-id=\"eb-image-gallery-v986f\"><a href=\"https:\/\/spitzbergen-adventures.com\/wp-content\/uploads\/2026\/05\/1H6A0774.webp\" rel=\"noopener\" data-fslightbox=\"gallery\" data-type=\"image\" class=\"eb-gallery-img-content eb-filter-img-\"><span class=\"eb-gallery-link-wrapper\"><img decoding=\"async\" class=\"eb-gallery-img\" src=\"https:\/\/spitzbergen-adventures.com\/wp-content\/uploads\/2026\/05\/1H6A0774.webp\" image-index=\"0\" alt=\"1H6A0774\"\/><\/span><\/a><a href=\"https:\/\/spitzbergen-adventures.com\/wp-content\/uploads\/2026\/05\/1H6A0814.webp\" rel=\"noopener\" data-fslightbox=\"gallery\" data-type=\"image\" class=\"eb-gallery-img-content eb-filter-img-\"><span class=\"eb-gallery-link-wrapper\"><img decoding=\"async\" class=\"eb-gallery-img\" src=\"https:\/\/spitzbergen-adventures.com\/wp-content\/uploads\/2026\/05\/1H6A0814.webp\" image-index=\"1\" alt=\"1H6A0814\"\/><\/span><\/a><a href=\"https:\/\/spitzbergen-adventures.com\/wp-content\/uploads\/2026\/05\/1H6A0884.webp\" rel=\"noopener\" data-fslightbox=\"gallery\" data-type=\"image\" class=\"eb-gallery-img-content eb-filter-img-\"><span class=\"eb-gallery-link-wrapper\"><img decoding=\"async\" class=\"eb-gallery-img\" src=\"https:\/\/spitzbergen-adventures.com\/wp-content\/uploads\/2026\/05\/1H6A0884.webp\" image-index=\"2\" alt=\"1H6A0884\"\/><\/span><\/a><a href=\"https:\/\/spitzbergen-adventures.com\/wp-content\/uploads\/2026\/05\/1H6A1048.webp\" rel=\"noopener\" data-fslightbox=\"gallery\" data-type=\"image\" class=\"eb-gallery-img-content eb-filter-img-\"><span class=\"eb-gallery-link-wrapper\"><img decoding=\"async\" class=\"eb-gallery-img\" src=\"https:\/\/spitzbergen-adventures.com\/wp-content\/uploads\/2026\/05\/1H6A1048.webp\" image-index=\"3\" alt=\"1H6A1048\"\/><\/span><\/a><a href=\"https:\/\/spitzbergen-adventures.com\/wp-content\/uploads\/2026\/05\/1H6A1067.webp\" rel=\"noopener\" data-fslightbox=\"gallery\" data-type=\"image\" class=\"eb-gallery-img-content eb-filter-img-\"><span class=\"eb-gallery-link-wrapper\"><img decoding=\"async\" class=\"eb-gallery-img\" src=\"https:\/\/spitzbergen-adventures.com\/wp-content\/uploads\/2026\/05\/1H6A1067.webp\" image-index=\"4\" alt=\"1H6A1067\"\/><\/span><\/a><a href=\"https:\/\/spitzbergen-adventures.com\/wp-content\/uploads\/2026\/05\/1H6A1071.webp\" rel=\"noopener\" data-fslightbox=\"gallery\" data-type=\"image\" class=\"eb-gallery-img-content eb-filter-img-\"><span class=\"eb-gallery-link-wrapper\"><img decoding=\"async\" class=\"eb-gallery-img\" src=\"https:\/\/spitzbergen-adventures.com\/wp-content\/uploads\/2026\/05\/1H6A1071.webp\" image-index=\"5\" alt=\"1H6A1071\"\/><\/span><\/a><a href=\"https:\/\/spitzbergen-adventures.com\/wp-content\/uploads\/2026\/05\/1H6A1094.webp\" rel=\"noopener\" data-fslightbox=\"gallery\" data-type=\"image\" class=\"eb-gallery-img-content eb-filter-img-\"><span class=\"eb-gallery-link-wrapper\"><img decoding=\"async\" class=\"eb-gallery-img\" src=\"https:\/\/spitzbergen-adventures.com\/wp-content\/uploads\/2026\/05\/1H6A1094.webp\" image-index=\"6\" alt=\"1H6A1094\"\/><\/span><\/a><a href=\"https:\/\/spitzbergen-adventures.com\/wp-content\/uploads\/2026\/05\/1H6A1162.webp\" rel=\"noopener\" data-fslightbox=\"gallery\" data-type=\"image\" class=\"eb-gallery-img-content eb-filter-img-\"><span class=\"eb-gallery-link-wrapper\"><img decoding=\"async\" class=\"eb-gallery-img\" src=\"https:\/\/spitzbergen-adventures.com\/wp-content\/uploads\/2026\/05\/1H6A1162.webp\" image-index=\"7\" alt=\"1H6A1162\"\/><\/span><\/a><a href=\"https:\/\/spitzbergen-adventures.com\/wp-content\/uploads\/2026\/05\/1H6A1175.webp\" rel=\"noopener\" data-fslightbox=\"gallery\" data-type=\"image\" class=\"eb-gallery-img-content eb-filter-img-\"><span class=\"eb-gallery-link-wrapper\"><img decoding=\"async\" class=\"eb-gallery-img\" src=\"https:\/\/spitzbergen-adventures.com\/wp-content\/uploads\/2026\/05\/1H6A1175.webp\" image-index=\"8\" alt=\"1H6A1175\"\/><\/span><\/a><a href=\"https:\/\/spitzbergen-adventures.com\/wp-content\/uploads\/2026\/05\/1H6A1188.webp\" rel=\"noopener\" data-fslightbox=\"gallery\" data-type=\"image\" class=\"eb-gallery-img-content eb-filter-img-\"><span class=\"eb-gallery-link-wrapper\"><img decoding=\"async\" class=\"eb-gallery-img\" src=\"https:\/\/spitzbergen-adventures.com\/wp-content\/uploads\/2026\/05\/1H6A1188.webp\" image-index=\"9\" alt=\"1H6A1188\"\/><\/span><\/a><a href=\"https:\/\/spitzbergen-adventures.com\/wp-content\/uploads\/2026\/05\/1H6A1205.webp\" rel=\"noopener\" data-fslightbox=\"gallery\" data-type=\"image\" class=\"eb-gallery-img-content eb-filter-img-\"><span class=\"eb-gallery-link-wrapper\"><img decoding=\"async\" class=\"eb-gallery-img\" src=\"https:\/\/spitzbergen-adventures.com\/wp-content\/uploads\/2026\/05\/1H6A1205.webp\" image-index=\"10\" alt=\"1H6A1205\"\/><\/span><\/a><a href=\"https:\/\/spitzbergen-adventures.com\/wp-content\/uploads\/2026\/05\/1H6A1208.webp\" rel=\"noopener\" data-fslightbox=\"gallery\" data-type=\"image\" class=\"eb-gallery-img-content eb-filter-img-\"><span class=\"eb-gallery-link-wrapper\"><img decoding=\"async\" class=\"eb-gallery-img\" src=\"https:\/\/spitzbergen-adventures.com\/wp-content\/uploads\/2026\/05\/1H6A1208.webp\" image-index=\"11\" alt=\"1H6A1208\"\/><\/span><\/a><a href=\"https:\/\/spitzbergen-adventures.com\/wp-content\/uploads\/2026\/05\/1H6A1236.webp\" rel=\"noopener\" data-fslightbox=\"gallery\" data-type=\"image\" class=\"eb-gallery-img-content eb-filter-img-\"><span class=\"eb-gallery-link-wrapper\"><img decoding=\"async\" class=\"eb-gallery-img\" src=\"https:\/\/spitzbergen-adventures.com\/wp-content\/uploads\/2026\/05\/1H6A1236.webp\" image-index=\"12\" alt=\"1H6A1236\"\/><\/span><\/a><a href=\"https:\/\/spitzbergen-adventures.com\/wp-content\/uploads\/2026\/05\/1H6A1274.webp\" rel=\"noopener\" data-fslightbox=\"gallery\" data-type=\"image\" class=\"eb-gallery-img-content eb-filter-img-\"><span class=\"eb-gallery-link-wrapper\"><img decoding=\"async\" class=\"eb-gallery-img\" src=\"https:\/\/spitzbergen-adventures.com\/wp-content\/uploads\/2026\/05\/1H6A1274.webp\" image-index=\"13\" alt=\"1H6A1274\"\/><\/span><\/a><a href=\"https:\/\/spitzbergen-adventures.com\/wp-content\/uploads\/2026\/05\/1H6A1288.webp\" rel=\"noopener\" data-fslightbox=\"gallery\" data-type=\"image\" class=\"eb-gallery-img-content eb-filter-img-\"><span class=\"eb-gallery-link-wrapper\"><img decoding=\"async\" class=\"eb-gallery-img\" src=\"https:\/\/spitzbergen-adventures.com\/wp-content\/uploads\/2026\/05\/1H6A1288.webp\" image-index=\"14\" alt=\"1H6A1288\"\/><\/span><\/a><a href=\"https:\/\/spitzbergen-adventures.com\/wp-content\/uploads\/2026\/05\/1H6A1293.webp\" rel=\"noopener\" data-fslightbox=\"gallery\" data-type=\"image\" class=\"eb-gallery-img-content eb-filter-img-\"><span class=\"eb-gallery-link-wrapper\"><img decoding=\"async\" class=\"eb-gallery-img\" src=\"https:\/\/spitzbergen-adventures.com\/wp-content\/uploads\/2026\/05\/1H6A1293.webp\" image-index=\"15\" alt=\"1H6A1293\"\/><\/span><\/a><a href=\"https:\/\/spitzbergen-adventures.com\/wp-content\/uploads\/2026\/05\/1H6A1311.webp\" rel=\"noopener\" data-fslightbox=\"gallery\" data-type=\"image\" class=\"eb-gallery-img-content eb-filter-img-\"><span class=\"eb-gallery-link-wrapper\"><img decoding=\"async\" class=\"eb-gallery-img\" src=\"https:\/\/spitzbergen-adventures.com\/wp-content\/uploads\/2026\/05\/1H6A1311.webp\" image-index=\"16\" alt=\"1H6A1311\"\/><\/span><\/a><a href=\"https:\/\/spitzbergen-adventures.com\/wp-content\/uploads\/2026\/05\/1H6A0936.webp\" rel=\"noopener\" data-fslightbox=\"gallery\" data-type=\"image\" class=\"eb-gallery-img-content eb-filter-img-\"><span class=\"eb-gallery-link-wrapper\"><img decoding=\"async\" class=\"eb-gallery-img\" src=\"https:\/\/spitzbergen-adventures.com\/wp-content\/uploads\/2026\/05\/1H6A0936.webp\" image-index=\"17\" alt=\"1H6A0936\"\/><\/span><\/a><a href=\"https:\/\/spitzbergen-adventures.com\/wp-content\/uploads\/2026\/05\/1H6A0984.webp\" rel=\"noopener\" data-fslightbox=\"gallery\" data-type=\"image\" class=\"eb-gallery-img-content eb-filter-img-\"><span class=\"eb-gallery-link-wrapper\"><img decoding=\"async\" class=\"eb-gallery-img\" src=\"https:\/\/spitzbergen-adventures.com\/wp-content\/uploads\/2026\/05\/1H6A0984.webp\" image-index=\"18\" alt=\"1H6A0984\"\/><\/span><\/a><a href=\"https:\/\/spitzbergen-adventures.com\/wp-content\/uploads\/2026\/05\/1H6A1311-1.webp\" rel=\"noopener\" data-fslightbox=\"gallery\" data-type=\"image\" class=\"eb-gallery-img-content eb-filter-img-\"><span class=\"eb-gallery-link-wrapper\"><img decoding=\"async\" class=\"eb-gallery-img\" src=\"https:\/\/spitzbergen-adventures.com\/wp-content\/uploads\/2026\/05\/1H6A1311-1.webp\" image-index=\"19\" alt=\"1H6A1311\"\/><\/span><\/a><\/div><\/div><\/div>\n\n<\/div>\n<\/div>\n<\/div>","protected":false},"excerpt":{"rendered":"<p>ATV-safari Arktisk ATV-safari og dyrelivstur i Adventdalen \u2013 Halvdagstur i spektakul\u00e6rt Svalbardlandskap Bli med p\u00e5 en spennende ATV-safari i Adventdalen, &#8230; <a title=\"ATV-safari\" class=\"read-more\" href=\"https:\/\/spitzbergen-adventures.com\/no\/atv-safari\/\" aria-label=\"Read more about ATV-safari\">Les mer<\/a><\/p>\n","protected":false},"author":1,"featured_media":0,"parent":0,"menu_order":0,"comment_status":"closed","ping_status":"closed","template":"","meta":{"_eb_attr":"","slim_seo":{"title":"ATV-safari - Spitzbergen Adventures AS","description":""},"footnotes":""},"class_list":["post-1791","page","type-page","status-publish"],"_links":{"self":[{"href":"https:\/\/spitzbergen-adventures.com\/no\/wp-json\/wp\/v2\/pages\/1791","targetHints":{"allow":["GET"]}}],"collection":[{"href":"https:\/\/spitzbergen-adventures.com\/no\/wp-json\/wp\/v2\/pages"}],"about":[{"href":"https:\/\/spitzbergen-adventures.com\/no\/wp-json\/wp\/v2\/types\/page"}],"author":[{"embeddable":true,"href":"https:\/\/spitzbergen-adventures.com\/no\/wp-json\/wp\/v2\/users\/1"}],"replies":[{"embeddable":true,"href":"https:\/\/spitzbergen-adventures.com\/no\/wp-json\/wp\/v2\/comments?post=1791"}],"version-history":[{"count":3,"href":"https:\/\/spitzbergen-adventures.com\/no\/wp-json\/wp\/v2\/pages\/1791\/revisions"}],"predecessor-version":[{"id":1826,"href":"https:\/\/spitzbergen-adventures.com\/no\/wp-json\/wp\/v2\/pages\/1791\/revisions\/1826"}],"wp:attachment":[{"href":"https:\/\/spitzbergen-adventures.com\/no\/wp-json\/wp\/v2\/media?parent=1791"}],"curies":[{"name":"wp","href":"https:\/\/api.w.org\/{rel}","templated":true}]}}