{"id":654,"date":"2024-09-27T10:51:31","date_gmt":"2024-09-27T08:51:31","guid":{"rendered":"https:\/\/spitzbergen-adventures.com\/snoscooterturer\/"},"modified":"2024-11-11T14:11:20","modified_gmt":"2024-11-11T13:11:20","slug":"snoscooterturer","status":"publish","type":"page","link":"https:\/\/spitzbergen-adventures.com\/no\/vinterturer\/snoscooterturer\/","title":{"rendered":"Sn\u00f8scooterturer"},"content":{"rendered":"<div class=\"gb-container gb-container-b930e31e toppbunn5\">\n<div class=\"gb-container gb-container-4e029fdc\">\n<h1 class=\"gb-headline gb-headline-2049d0a9 gb-headline-text stor\">Sn\u00f8scooterturer<\/h1>\n\n\n<a class=\"gb-button gb-button-4a4dc642 gb-button-text btn-main floating-button\" href=\"https:\/\/spitzbergen-adventures.com\/no\/kontakt\/\" target=\"_blank\" rel=\"noopener noreferrer\">Booking<\/a>\n\n<\/div>\n<\/div><div class=\"gb-container gb-container-81bd82c5 toppbunn8\">\n<div class=\"gb-container gb-container-61c0c322\">\n\n<div class=\"gb-grid-wrapper gb-grid-wrapper-496b684d gb-query-loop-wrapper\">\n<div class=\"gb-grid-column gb-grid-column-49fc27a2 gb-query-loop-item post-735 post type-post status-publish format-standard has-post-thumbnail hentry category-vinterturer tag-snoscooterturer\"><div class=\"gb-container gb-container-49fc27a2\">\n<figure class=\"gb-block-image gb-block-image-a2296fed\"><a href=\"https:\/\/spitzbergen-adventures.com\/no\/tempelfjord\/\"><img loading=\"lazy\" decoding=\"async\" width=\"1952\" height=\"1098\" src=\"https:\/\/spitzbergen-adventures.com\/wp-content\/uploads\/2024\/09\/Spitzbergen_Templefjord-jpg.webp\" class=\"gb-image-a2296fed  aspectratio1-1\" alt=\"Spitzbergen Templefjord\" srcset=\"https:\/\/spitzbergen-adventures.com\/wp-content\/uploads\/2024\/09\/Spitzbergen_Templefjord-jpg.webp 1952w, https:\/\/spitzbergen-adventures.com\/wp-content\/uploads\/2024\/09\/Spitzbergen_Templefjord-300x169.webp 300w, https:\/\/spitzbergen-adventures.com\/wp-content\/uploads\/2024\/09\/Spitzbergen_Templefjord-1024x576.webp 1024w, https:\/\/spitzbergen-adventures.com\/wp-content\/uploads\/2024\/09\/Spitzbergen_Templefjord-768x432.webp 768w, https:\/\/spitzbergen-adventures.com\/wp-content\/uploads\/2024\/09\/Spitzbergen_Templefjord-1536x864.webp 1536w\" sizes=\"auto, (max-width: 1952px) 100vw, 1952px\" \/><\/a><\/figure>\n\n<h2 class=\"gb-headline gb-headline-3d0f872a gb-headline-text stormedium\"><a href=\"https:\/\/spitzbergen-adventures.com\/no\/tempelfjord\/\">Tempelfjord<\/a><\/h2>\n\n<div class=\"gb-headline gb-headline-b1fd3b34 post_exerp gb-headline-text\">Legg ut p\u00e5 et 8-timers sn\u00f8scootereventyr gjennom Svalbards vidstrakte daler, ideelt for nybegynnere p\u00e5 grunn av det stort sett flate terrenget. Denne turen tar deg dypt inn i den avsidesliggende villmarken, gjennom vidstrakte sn\u00f8dekte landskap og med imponerende utsikt p\u00e5 vei mot Tempelfjorden og fangsthyttene fra Fredheim. <\/div>\n\n<a class=\"gb-button gb-button-974f3328 post_exerp_button gb-button-text\" href=\"https:\/\/spitzbergen-adventures.com\/no\/tempelfjord\/\">More information<\/a>\n<\/div><\/div>\n\n<div class=\"gb-grid-column gb-grid-column-49fc27a2 gb-query-loop-item post-709 post type-post status-publish format-standard has-post-thumbnail hentry category-vinterturer tag-snoscooterturer\"><div class=\"gb-container gb-container-49fc27a2\">\n<figure class=\"gb-block-image gb-block-image-a2296fed\"><a href=\"https:\/\/spitzbergen-adventures.com\/no\/ostkysten\/\"><img loading=\"lazy\" decoding=\"async\" width=\"1680\" height=\"1047\" src=\"https:\/\/spitzbergen-adventures.com\/wp-content\/uploads\/2024\/09\/Spitzbergen_East_Coast-jpg.webp\" class=\"gb-image-a2296fed  aspectratio1-1\" alt=\"Spitsbergens \u00f8stkyst\" srcset=\"https:\/\/spitzbergen-adventures.com\/wp-content\/uploads\/2024\/09\/Spitzbergen_East_Coast-jpg.webp 1680w, https:\/\/spitzbergen-adventures.com\/wp-content\/uploads\/2024\/09\/Spitzbergen_East_Coast-300x187.webp 300w, https:\/\/spitzbergen-adventures.com\/wp-content\/uploads\/2024\/09\/Spitzbergen_East_Coast-1024x638.webp 1024w, https:\/\/spitzbergen-adventures.com\/wp-content\/uploads\/2024\/09\/Spitzbergen_East_Coast-768x479.webp 768w, https:\/\/spitzbergen-adventures.com\/wp-content\/uploads\/2024\/09\/Spitzbergen_East_Coast-1536x957.webp 1536w\" sizes=\"auto, (max-width: 1680px) 100vw, 1680px\" \/><\/a><\/figure>\n\n<h2 class=\"gb-headline gb-headline-3d0f872a gb-headline-text stormedium\"><a href=\"https:\/\/spitzbergen-adventures.com\/no\/ostkysten\/\">\u00d8stkysten<\/a><\/h2>\n\n<div class=\"gb-headline gb-headline-b1fd3b34 post_exerp gb-headline-text\">Denne spennende 10-timers sn\u00f8scooterturen er rangert som en av de beste vinteropplevelsene p\u00e5 Svalbard, og er perfekt for b\u00e5de nybegynnere og erfarne f\u00f8rere, og tar deg over \u00f8ya fra det mildere vestlandet til det forbl\u00f8ffende kalde, arktiske landskapet p\u00e5 \u00f8stkysten, formet av de iskalde str\u00f8mmene i Polhavet. Underveis krysser du gjennom enorme, sn\u00f8dekte daler, over isbreer og med fantastisk utsikt over det endel\u00f8se arktiske \u00f8rkenlandskapet, og du f\u00e5r oppleve det mest utenomjordiske terrenget Svalbard har \u00e5 by p\u00e5. V\u00e6r forberedt p\u00e5 en spennende reise, da vi kan st\u00f8te p\u00e5 imponerende v\u00e6rforhold langs ruten.  <\/div>\n\n<a class=\"gb-button gb-button-974f3328 post_exerp_button gb-button-text\" href=\"https:\/\/spitzbergen-adventures.com\/no\/ostkysten\/\">More information<\/a>\n<\/div><\/div>\n\n<div class=\"gb-grid-column gb-grid-column-49fc27a2 gb-query-loop-item post-732 post type-post status-publish format-standard has-post-thumbnail hentry category-vinterturer tag-snoscooterturer\"><div class=\"gb-container gb-container-49fc27a2\">\n<figure class=\"gb-block-image gb-block-image-a2296fed\"><a href=\"https:\/\/spitzbergen-adventures.com\/no\/vestkysten\/\"><img loading=\"lazy\" decoding=\"async\" width=\"1920\" height=\"1080\" src=\"https:\/\/spitzbergen-adventures.com\/wp-content\/uploads\/2024\/09\/Spitzbergen_West_Coast_2-jpg.webp\" class=\"gb-image-a2296fed  aspectratio1-1\" alt=\"Spitzbergen West Coast\" srcset=\"https:\/\/spitzbergen-adventures.com\/wp-content\/uploads\/2024\/09\/Spitzbergen_West_Coast_2-jpg.webp 1920w, https:\/\/spitzbergen-adventures.com\/wp-content\/uploads\/2024\/09\/Spitzbergen_West_Coast_2-300x169.webp 300w, https:\/\/spitzbergen-adventures.com\/wp-content\/uploads\/2024\/09\/Spitzbergen_West_Coast_2-1024x576.webp 1024w, https:\/\/spitzbergen-adventures.com\/wp-content\/uploads\/2024\/09\/Spitzbergen_West_Coast_2-768x432.webp 768w, https:\/\/spitzbergen-adventures.com\/wp-content\/uploads\/2024\/09\/Spitzbergen_West_Coast_2-1536x864.webp 1536w\" sizes=\"auto, (max-width: 1920px) 100vw, 1920px\" \/><\/a><\/figure>\n\n<h2 class=\"gb-headline gb-headline-3d0f872a gb-headline-text stormedium\"><a href=\"https:\/\/spitzbergen-adventures.com\/no\/vestkysten\/\">Vestkysten<\/a><\/h2>\n\n<div class=\"gb-headline gb-headline-b1fd3b34 post_exerp gb-headline-text\">Oppdag Svalbards vakre vestkyst p\u00e5 denne spennende 10-timers sn\u00f8scooterturen. Denne turen er perfekt for nybegynnere, og tar deg 70 km s\u00f8rvestover fra Longyearbyen til den fascinerende russiske gruvebyen Barentsburg. Byen er kjent for sin arkitektur fra sovjettiden og rike kulturhistorie, og gir et innblikk i en unik livsstil i Arktis. P\u00e5 grunn av den p\u00e5g\u00e5ende konflikten i Ukraina har turoperat\u00f8rene i Longyearbyen imidlertid tatt en etisk beslutning om ikke \u00e5 st\u00f8tte krigen \u00f8konomisk. Selv om vi ikke g\u00e5r inn i noen bygninger, f\u00e5r du likevel muligheten til \u00e5 utforske byen til fots og oppleve dens s\u00e6regne atmosf\u00e6re.    <\/div>\n\n<a class=\"gb-button gb-button-974f3328 post_exerp_button gb-button-text\" href=\"https:\/\/spitzbergen-adventures.com\/no\/vestkysten\/\">More information<\/a>\n<\/div><\/div>\n\n<div class=\"gb-grid-column gb-grid-column-49fc27a2 gb-query-loop-item post-730 post type-post status-publish format-standard has-post-thumbnail hentry category-vinterturer tag-snoscooterturer\"><div class=\"gb-container gb-container-49fc27a2\">\n<figure class=\"gb-block-image gb-block-image-a2296fed\"><a href=\"https:\/\/spitzbergen-adventures.com\/no\/sledetur\/\"><img loading=\"lazy\" decoding=\"async\" width=\"1920\" height=\"1080\" src=\"https:\/\/spitzbergen-adventures.com\/wp-content\/uploads\/2024\/09\/Spitzbergen_Sledetur.webp\" class=\"gb-image-a2296fed  aspectratio1-1\" alt=\"Spitzbergen sledetur\" srcset=\"https:\/\/spitzbergen-adventures.com\/wp-content\/uploads\/2024\/09\/Spitzbergen_Sledetur.webp 1920w, https:\/\/spitzbergen-adventures.com\/wp-content\/uploads\/2024\/09\/Spitzbergen_Sledetur-300x169.webp 300w, https:\/\/spitzbergen-adventures.com\/wp-content\/uploads\/2024\/09\/Spitzbergen_Sledetur-1024x576.webp 1024w, https:\/\/spitzbergen-adventures.com\/wp-content\/uploads\/2024\/09\/Spitzbergen_Sledetur-768x432.webp 768w, https:\/\/spitzbergen-adventures.com\/wp-content\/uploads\/2024\/09\/Spitzbergen_Sledetur-1536x864.webp 1536w\" sizes=\"auto, (max-width: 1920px) 100vw, 1920px\" \/><\/a><\/figure>\n\n<h2 class=\"gb-headline gb-headline-3d0f872a gb-headline-text stormedium\"><a href=\"https:\/\/spitzbergen-adventures.com\/no\/sledetur\/\">Sledetur<\/a><\/h2>\n\n<div class=\"gb-headline gb-headline-b1fd3b34 post_exerp gb-headline-text\">Nyt en fredelig sledeferd gjennom de naturskj\u00f8nne omgivelsene i Adventdalen, perfekt for deg som \u00f8nsker \u00e5 oppleve Svalbards rolige skj\u00f8nnhet. Denne tre timer lange turen er en unik m\u00e5te \u00e5 utforske det bemerkelsesverdige arktiske landskapet p\u00e5, mens du sitter komfortabelt i en slede som trekkes av en sn\u00f8scooter som kj\u00f8res av guiden din. <\/div>\n\n<a class=\"gb-button gb-button-974f3328 post_exerp_button gb-button-text\" href=\"https:\/\/spitzbergen-adventures.com\/no\/sledetur\/\">More information<\/a>\n<\/div><\/div>\n\n<div class=\"gb-grid-column gb-grid-column-49fc27a2 gb-query-loop-item post-1434 post type-post status-publish format-standard has-post-thumbnail hentry category-vinterturer tag-snoscooterturer\"><div class=\"gb-container gb-container-49fc27a2\">\n<figure class=\"gb-block-image gb-block-image-a2296fed\"><a href=\"https:\/\/spitzbergen-adventures.com\/no\/nordlystur\/\"><img loading=\"lazy\" decoding=\"async\" width=\"1920\" height=\"1080\" src=\"https:\/\/spitzbergen-adventures.com\/wp-content\/uploads\/2024\/09\/Spitzbergen_Snowmobile_3-jpg.webp\" class=\"gb-image-a2296fed  aspectratio1-1\" alt=\"Spitzbergen Snowmobile\" srcset=\"https:\/\/spitzbergen-adventures.com\/wp-content\/uploads\/2024\/09\/Spitzbergen_Snowmobile_3-jpg.webp 1920w, https:\/\/spitzbergen-adventures.com\/wp-content\/uploads\/2024\/09\/Spitzbergen_Snowmobile_3-300x169.webp 300w, https:\/\/spitzbergen-adventures.com\/wp-content\/uploads\/2024\/09\/Spitzbergen_Snowmobile_3-1024x576.webp 1024w, https:\/\/spitzbergen-adventures.com\/wp-content\/uploads\/2024\/09\/Spitzbergen_Snowmobile_3-768x432.webp 768w, https:\/\/spitzbergen-adventures.com\/wp-content\/uploads\/2024\/09\/Spitzbergen_Snowmobile_3-1536x864.webp 1536w\" sizes=\"auto, (max-width: 1920px) 100vw, 1920px\" \/><\/a><\/figure>\n\n<h2 class=\"gb-headline gb-headline-3d0f872a gb-headline-text stormedium\"><a href=\"https:\/\/spitzbergen-adventures.com\/no\/nordlystur\/\">Nordlystur<\/a><\/h2>\n\n<div class=\"gb-headline gb-headline-b1fd3b34 post_exerp gb-headline-text\">Opplev magien i den arktiske natten p\u00e5 en uforglemmelig nordlystur p\u00e5 Svalbard.<\/div>\n\n<a class=\"gb-button gb-button-974f3328 post_exerp_button gb-button-text\" href=\"https:\/\/spitzbergen-adventures.com\/no\/nordlystur\/\">More information<\/a>\n<\/div><\/div>\n\n<div class=\"gb-grid-column gb-grid-column-49fc27a2 gb-query-loop-item post-1439 post type-post status-publish format-standard has-post-thumbnail hentry category-vinterturer tag-snoscooterturer\"><div class=\"gb-container gb-container-49fc27a2\">\n<figure class=\"gb-block-image gb-block-image-a2296fed\"><a href=\"https:\/\/spitzbergen-adventures.com\/no\/polarnatt\/\"><img loading=\"lazy\" decoding=\"async\" width=\"1220\" height=\"713\" src=\"https:\/\/spitzbergen-adventures.com\/wp-content\/uploads\/2026\/01\/Polarnatt.webp\" class=\"gb-image-a2296fed  aspectratio1-1\" alt=\"Polarnatt\" srcset=\"https:\/\/spitzbergen-adventures.com\/wp-content\/uploads\/2026\/01\/Polarnatt.webp 1220w, https:\/\/spitzbergen-adventures.com\/wp-content\/uploads\/2026\/01\/Polarnatt-300x175.webp 300w, https:\/\/spitzbergen-adventures.com\/wp-content\/uploads\/2026\/01\/Polarnatt-1024x598.webp 1024w, https:\/\/spitzbergen-adventures.com\/wp-content\/uploads\/2026\/01\/Polarnatt-768x449.webp 768w\" sizes=\"auto, (max-width: 1220px) 100vw, 1220px\" \/><\/a><\/figure>\n\n<h2 class=\"gb-headline gb-headline-3d0f872a gb-headline-text stormedium\"><a href=\"https:\/\/spitzbergen-adventures.com\/no\/polarnatt\/\">Polarnatt<\/a><\/h2>\n\n<div class=\"gb-headline gb-headline-b1fd3b34 post_exerp gb-headline-text\">Bli med oss p\u00e5 en uforglemmelig opplevelse i Svalbards vinterlandskap.<\/div>\n\n<a class=\"gb-button gb-button-974f3328 post_exerp_button gb-button-text\" href=\"https:\/\/spitzbergen-adventures.com\/no\/polarnatt\/\">More information<\/a>\n<\/div><\/div>\n\n<div class=\"gb-grid-column gb-grid-column-49fc27a2 gb-query-loop-item post-1448 post type-post status-publish format-standard has-post-thumbnail hentry category-vinterturer tag-snoscooterturer\"><div class=\"gb-container gb-container-49fc27a2\">\n<figure class=\"gb-block-image gb-block-image-a2296fed\"><a href=\"https:\/\/spitzbergen-adventures.com\/no\/elveneset\/\"><img loading=\"lazy\" decoding=\"async\" width=\"1220\" height=\"713\" src=\"https:\/\/spitzbergen-adventures.com\/wp-content\/uploads\/2026\/01\/Elveneset.webp\" class=\"gb-image-a2296fed  aspectratio1-1\" alt=\"Elveneset\" srcset=\"https:\/\/spitzbergen-adventures.com\/wp-content\/uploads\/2026\/01\/Elveneset.webp 1220w, https:\/\/spitzbergen-adventures.com\/wp-content\/uploads\/2026\/01\/Elveneset-300x175.webp 300w, https:\/\/spitzbergen-adventures.com\/wp-content\/uploads\/2026\/01\/Elveneset-1024x598.webp 1024w, https:\/\/spitzbergen-adventures.com\/wp-content\/uploads\/2026\/01\/Elveneset-768x449.webp 768w\" sizes=\"auto, (max-width: 1220px) 100vw, 1220px\" \/><\/a><\/figure>\n\n<h2 class=\"gb-headline gb-headline-3d0f872a gb-headline-text stormedium\"><a href=\"https:\/\/spitzbergen-adventures.com\/no\/elveneset\/\">Elveneset<\/a><\/h2>\n\n<div class=\"gb-headline gb-headline-b1fd3b34 post_exerp gb-headline-text\">En perfekt opplevelse for deg som \u00f8nsker en smak av Svalbards storsl\u00e5tte natur.<\/div>\n\n<a class=\"gb-button gb-button-974f3328 post_exerp_button gb-button-text\" href=\"https:\/\/spitzbergen-adventures.com\/no\/elveneset\/\">More information<\/a>\n<\/div><\/div>\n\n<div class=\"gb-grid-column gb-grid-column-49fc27a2 gb-query-loop-item post-1456 post type-post status-publish format-standard has-post-thumbnail hentry category-vinterturer tag-snoscooterturer\"><div class=\"gb-container gb-container-49fc27a2\">\n<figure class=\"gb-block-image gb-block-image-a2296fed\"><a href=\"https:\/\/spitzbergen-adventures.com\/no\/colesbay\/\"><img loading=\"lazy\" decoding=\"async\" width=\"1220\" height=\"713\" src=\"https:\/\/spitzbergen-adventures.com\/wp-content\/uploads\/2026\/01\/colesbay.webp\" class=\"gb-image-a2296fed  aspectratio1-1\" alt=\"Colesbay\" srcset=\"https:\/\/spitzbergen-adventures.com\/wp-content\/uploads\/2026\/01\/colesbay.webp 1220w, https:\/\/spitzbergen-adventures.com\/wp-content\/uploads\/2026\/01\/colesbay-300x175.webp 300w, https:\/\/spitzbergen-adventures.com\/wp-content\/uploads\/2026\/01\/colesbay-1024x598.webp 1024w, https:\/\/spitzbergen-adventures.com\/wp-content\/uploads\/2026\/01\/colesbay-768x449.webp 768w\" sizes=\"auto, (max-width: 1220px) 100vw, 1220px\" \/><\/a><\/figure>\n\n<h2 class=\"gb-headline gb-headline-3d0f872a gb-headline-text stormedium\"><a href=\"https:\/\/spitzbergen-adventures.com\/no\/colesbay\/\">Colesbay<\/a><\/h2>\n\n<div class=\"gb-headline gb-headline-b1fd3b34 post_exerp gb-headline-text\">Se de arktiske landskapet v\u00e5kne til liv.<\/div>\n\n<a class=\"gb-button gb-button-974f3328 post_exerp_button gb-button-text\" href=\"https:\/\/spitzbergen-adventures.com\/no\/colesbay\/\">More information<\/a>\n<\/div><\/div>\n\n<div class=\"gb-grid-column gb-grid-column-49fc27a2 gb-query-loop-item post-745 post type-post status-publish format-standard has-post-thumbnail hentry category-vinterturer tag-snoscooterturer\"><div class=\"gb-container gb-container-49fc27a2\">\n<figure class=\"gb-block-image gb-block-image-a2296fed\"><a href=\"https:\/\/spitzbergen-adventures.com\/no\/skreddersydde-turer\/\"><img loading=\"lazy\" decoding=\"async\" width=\"1920\" height=\"1080\" src=\"https:\/\/spitzbergen-adventures.com\/wp-content\/uploads\/2024\/09\/Spitzbergen_Snowmobile_2-jpg.webp\" class=\"gb-image-a2296fed  aspectratio1-1\" alt=\"Spitzbergen Snowmobile\" srcset=\"https:\/\/spitzbergen-adventures.com\/wp-content\/uploads\/2024\/09\/Spitzbergen_Snowmobile_2-jpg.webp 1920w, https:\/\/spitzbergen-adventures.com\/wp-content\/uploads\/2024\/09\/Spitzbergen_Snowmobile_2-300x169.webp 300w, https:\/\/spitzbergen-adventures.com\/wp-content\/uploads\/2024\/09\/Spitzbergen_Snowmobile_2-1024x576.webp 1024w, https:\/\/spitzbergen-adventures.com\/wp-content\/uploads\/2024\/09\/Spitzbergen_Snowmobile_2-768x432.webp 768w, https:\/\/spitzbergen-adventures.com\/wp-content\/uploads\/2024\/09\/Spitzbergen_Snowmobile_2-1536x864.webp 1536w\" sizes=\"auto, (max-width: 1920px) 100vw, 1920px\" \/><\/a><\/figure>\n\n<h2 class=\"gb-headline gb-headline-3d0f872a gb-headline-text stormedium\"><a href=\"https:\/\/spitzbergen-adventures.com\/no\/skreddersydde-turer\/\">Skreddersydde turer<\/a><\/h2>\n\n<div class=\"gb-headline gb-headline-b1fd3b34 post_exerp gb-headline-text\">Er du ute etter en personlig opplevelse i Arktis? Enten du er i hum\u00f8r for en naturskj\u00f8nn fottur, en spennende tur med sn\u00f8scooter eller en sightseeingtur til fots eller i bil, kan vi tilby en rekke skreddersydde aktiviteter som passer dine interesser og ditt treningsniv\u00e5. Med hjelp av v\u00e5re ekspertguider kan vi lage en unik reiserute som tar deg til de beste stedene p\u00e5 Svalbard, slik at du f\u00e5r et minneverdig eventyr.<\/div>\n\n<a class=\"gb-button gb-button-974f3328 post_exerp_button gb-button-text\" href=\"https:\/\/spitzbergen-adventures.com\/no\/skreddersydde-turer\/\">More information<\/a>\n<\/div><\/div>\n<\/div>\n\n<\/div>\n<\/div>","protected":false},"excerpt":{"rendered":"<p>Sn\u00f8scooterturer<\/p>\n","protected":false},"author":1,"featured_media":0,"parent":696,"menu_order":0,"comment_status":"closed","ping_status":"closed","template":"","meta":{"_eb_attr":"","slim_seo":{"title":"Sn\u00f8scooterturer - Spitzbergen Adventures AS","description":""},"footnotes":""},"class_list":["post-654","page","type-page","status-publish"],"_links":{"self":[{"href":"https:\/\/spitzbergen-adventures.com\/no\/wp-json\/wp\/v2\/pages\/654","targetHints":{"allow":["GET"]}}],"collection":[{"href":"https:\/\/spitzbergen-adventures.com\/no\/wp-json\/wp\/v2\/pages"}],"about":[{"href":"https:\/\/spitzbergen-adventures.com\/no\/wp-json\/wp\/v2\/types\/page"}],"author":[{"embeddable":true,"href":"https:\/\/spitzbergen-adventures.com\/no\/wp-json\/wp\/v2\/users\/1"}],"replies":[{"embeddable":true,"href":"https:\/\/spitzbergen-adventures.com\/no\/wp-json\/wp\/v2\/comments?post=654"}],"version-history":[{"count":7,"href":"https:\/\/spitzbergen-adventures.com\/no\/wp-json\/wp\/v2\/pages\/654\/revisions"}],"predecessor-version":[{"id":1187,"href":"https:\/\/spitzbergen-adventures.com\/no\/wp-json\/wp\/v2\/pages\/654\/revisions\/1187"}],"up":[{"embeddable":true,"href":"https:\/\/spitzbergen-adventures.com\/no\/wp-json\/wp\/v2\/pages\/696"}],"wp:attachment":[{"href":"https:\/\/spitzbergen-adventures.com\/no\/wp-json\/wp\/v2\/media?parent=654"}],"curies":[{"name":"wp","href":"https:\/\/api.w.org\/{rel}","templated":true}]}}