{"id":664,"date":"2024-09-27T14:32:28","date_gmt":"2024-09-27T12:32:28","guid":{"rendered":"https:\/\/spitzbergen-adventures.com\/sightseeing-og-fotturer\/"},"modified":"2026-04-24T12:15:37","modified_gmt":"2026-04-24T10:15:37","slug":"sightseeing-og-fotturer","status":"publish","type":"page","link":"https:\/\/spitzbergen-adventures.com\/no\/vinterturer\/sightseeing-og-fotturer\/","title":{"rendered":"Sightseeing og fotturer"},"content":{"rendered":"\n<div class=\"wp-block-cover is-light\"><video class=\"wp-block-cover__video-background intrinsic-ignore\" autoplay muted loop playsinline src=\"https:\/\/spitzbergen-adventures.com\/wp-content\/uploads\/2024\/09\/SPAD26-sightseeing-26sek-v2.mp4\" data-object-fit=\"cover\"><\/video><span aria-hidden=\"true\" class=\"wp-block-cover__background has-background-dim-0 has-background-dim\" style=\"background-color:#FFF\"><\/span><div class=\"wp-block-cover__inner-container is-layout-constrained wp-block-cover-is-layout-constrained\"><div class=\"gb-container gb-container-b930e31e toppbunn5\">\n<div class=\"gb-container gb-container-184d6506\">\n<h1 class=\"gb-headline gb-headline-952a6917 gb-headline-text stor\">Sightseeing og fotturer<\/h1>\n\n\n<a class=\"gb-button gb-button-e118415c gb-button-text btn-main floating-button\" href=\"https:\/\/spitzbergen-adventures.com\/no\/kontakt\/\" target=\"_blank\" rel=\"noopener noreferrer\">Kontakt<\/a>\n\n<\/div>\n<\/div><\/div><\/div>\n<div class=\"gb-container gb-container-81bd82c5 toppbunn8\">\n<div class=\"gb-container gb-container-61c0c322\">\n\n<div class=\"gb-grid-wrapper gb-grid-wrapper-496b684d gb-query-loop-wrapper\">\n<div class=\"gb-grid-column gb-grid-column-49fc27a2 gb-query-loop-item post-724 post type-post status-publish format-standard has-post-thumbnail hentry category-vinterturer tag-sightseeing-og-fotturer\"><div class=\"gb-container gb-container-49fc27a2\">\n<figure class=\"gb-block-image gb-block-image-a2296fed\"><a href=\"https:\/\/spitzbergen-adventures.com\/no\/isgrotting\/\"><img loading=\"lazy\" decoding=\"async\" width=\"1920\" height=\"1080\" src=\"https:\/\/spitzbergen-adventures.com\/wp-content\/uploads\/2024\/09\/Spitzbergen_Ice_Caving-jpg.webp\" class=\"gb-image-a2296fed  aspectratio1-1\" alt=\"Spitsbergen isgrotting\" srcset=\"https:\/\/spitzbergen-adventures.com\/wp-content\/uploads\/2024\/09\/Spitzbergen_Ice_Caving-jpg.webp 1920w, https:\/\/spitzbergen-adventures.com\/wp-content\/uploads\/2024\/09\/Spitzbergen_Ice_Caving-300x169.webp 300w, https:\/\/spitzbergen-adventures.com\/wp-content\/uploads\/2024\/09\/Spitzbergen_Ice_Caving-1024x576.webp 1024w, https:\/\/spitzbergen-adventures.com\/wp-content\/uploads\/2024\/09\/Spitzbergen_Ice_Caving-768x432.webp 768w, https:\/\/spitzbergen-adventures.com\/wp-content\/uploads\/2024\/09\/Spitzbergen_Ice_Caving-1536x864.webp 1536w\" sizes=\"auto, (max-width: 1920px) 100vw, 1920px\" \/><\/a><\/figure>\n\n<h2 class=\"gb-headline gb-headline-3d0f872a gb-headline-text stormedium\"><a href=\"https:\/\/spitzbergen-adventures.com\/no\/isgrotting\/\">Isgrotting<\/a><\/h2>\n\n<div class=\"gb-headline gb-headline-b1fd3b34 gb-headline-text\">Fantastiske isgrotter. Oppdag Svalbards skjulte underverker p\u00e5 en spennende, opptil fem timer lang reise inn i isgrotten under Larsbreen. Denne &#8230;<\/div>\n\n<a class=\"gb-button gb-button-974f3328 gb-button-text\" href=\"https:\/\/spitzbergen-adventures.com\/no\/isgrotting\/\">Mer informasjon<\/a>\n<\/div><\/div>\n\n<div class=\"gb-grid-column gb-grid-column-49fc27a2 gb-query-loop-item post-727 post type-post status-publish format-standard has-post-thumbnail hentry category-vinterturer tag-sightseeing-og-fotturer\"><div class=\"gb-container gb-container-49fc27a2\">\n<figure class=\"gb-block-image gb-block-image-a2296fed\"><a href=\"https:\/\/spitzbergen-adventures.com\/no\/nordlys\/\"><img loading=\"lazy\" decoding=\"async\" width=\"1952\" height=\"1098\" src=\"https:\/\/spitzbergen-adventures.com\/wp-content\/uploads\/2024\/09\/Spitzbergen_Northern_Lights-jpg.webp\" class=\"gb-image-a2296fed  aspectratio1-1\" alt=\"Spitzbergen Northern Lights\" srcset=\"https:\/\/spitzbergen-adventures.com\/wp-content\/uploads\/2024\/09\/Spitzbergen_Northern_Lights-jpg.webp 1952w, https:\/\/spitzbergen-adventures.com\/wp-content\/uploads\/2024\/09\/Spitzbergen_Northern_Lights-300x169.webp 300w, https:\/\/spitzbergen-adventures.com\/wp-content\/uploads\/2024\/09\/Spitzbergen_Northern_Lights-1024x576.webp 1024w, https:\/\/spitzbergen-adventures.com\/wp-content\/uploads\/2024\/09\/Spitzbergen_Northern_Lights-768x432.webp 768w, https:\/\/spitzbergen-adventures.com\/wp-content\/uploads\/2024\/09\/Spitzbergen_Northern_Lights-1536x864.webp 1536w\" sizes=\"auto, (max-width: 1952px) 100vw, 1952px\" \/><\/a><\/figure>\n\n<h2 class=\"gb-headline gb-headline-3d0f872a gb-headline-text stormedium\"><a href=\"https:\/\/spitzbergen-adventures.com\/no\/nordlys\/\">Nordlys<\/a><\/h2>\n\n<div class=\"gb-headline gb-headline-b1fd3b34 gb-headline-text\">Nordlys Nyt utsikten. Bli med p\u00e5 en uforglemmelig nordlystur, som er designet for \u00e5 \u00f8ke sjansene dine for \u00e5 oppleve &#8230;<\/div>\n\n<a class=\"gb-button gb-button-974f3328 gb-button-text\" href=\"https:\/\/spitzbergen-adventures.com\/no\/nordlys\/\">Mer informasjon<\/a>\n<\/div><\/div>\n\n<div class=\"gb-grid-column gb-grid-column-49fc27a2 gb-query-loop-item post-706 post type-post status-publish format-standard has-post-thumbnail hentry category-sommerturer category-vinterturer tag-sightseeing-og-fotturer\"><div class=\"gb-container gb-container-49fc27a2\">\n<figure class=\"gb-block-image gb-block-image-a2296fed\"><a href=\"https:\/\/spitzbergen-adventures.com\/no\/sightseeing\/\"><img loading=\"lazy\" decoding=\"async\" width=\"1920\" height=\"1008\" src=\"https:\/\/spitzbergen-adventures.com\/wp-content\/uploads\/2024\/09\/Spitzbergen_Adventures_Sightseeing_2.jpg\" class=\"gb-image-a2296fed  aspectratio1-1\" alt=\"Spitzbergen Adventures Sightseeing 2\" srcset=\"https:\/\/spitzbergen-adventures.com\/wp-content\/uploads\/2024\/09\/Spitzbergen_Adventures_Sightseeing_2.jpg 1920w, https:\/\/spitzbergen-adventures.com\/wp-content\/uploads\/2024\/09\/Spitzbergen_Adventures_Sightseeing_2-300x158.webp 300w, https:\/\/spitzbergen-adventures.com\/wp-content\/uploads\/2024\/09\/Spitzbergen_Adventures_Sightseeing_2-1024x538.webp 1024w, https:\/\/spitzbergen-adventures.com\/wp-content\/uploads\/2024\/09\/Spitzbergen_Adventures_Sightseeing_2-768x403.webp 768w, https:\/\/spitzbergen-adventures.com\/wp-content\/uploads\/2024\/09\/Spitzbergen_Adventures_Sightseeing_2-1536x806.webp 1536w\" sizes=\"auto, (max-width: 1920px) 100vw, 1920px\" \/><\/a><\/figure>\n\n<h2 class=\"gb-headline gb-headline-3d0f872a gb-headline-text stormedium\"><a href=\"https:\/\/spitzbergen-adventures.com\/no\/sightseeing\/\">Sightseeing<\/a><\/h2>\n\n<div class=\"gb-headline gb-headline-b1fd3b34 gb-headline-text\">Den litt annerledes sightseeingturen Fang Svalbards fantastiske skj\u00f8nnhet p\u00e5 denne 3-timers fototuren. Enten du er en erfaren fotograf eller en &#8230;<\/div>\n\n<a class=\"gb-button gb-button-974f3328 gb-button-text\" href=\"https:\/\/spitzbergen-adventures.com\/no\/sightseeing\/\">Mer informasjon<\/a>\n<\/div><\/div>\n\n<div class=\"gb-grid-column gb-grid-column-49fc27a2 gb-query-loop-item post-715 post type-post status-publish format-standard has-post-thumbnail hentry category-sommerturer category-vinterturer tag-sightseeing-og-fotturer\"><div class=\"gb-container gb-container-49fc27a2\">\n<figure class=\"gb-block-image gb-block-image-a2296fed\"><a href=\"https:\/\/spitzbergen-adventures.com\/no\/sarkofagen\/\"><img loading=\"lazy\" decoding=\"async\" width=\"1960\" height=\"1098\" src=\"https:\/\/spitzbergen-adventures.com\/wp-content\/uploads\/2024\/09\/Spitzbergen-Adventures-Sarkofagen.jpg\" class=\"gb-image-a2296fed  aspectratio1-1\" alt=\"Spitsbergen Adventures Sarkofagen\" srcset=\"https:\/\/spitzbergen-adventures.com\/wp-content\/uploads\/2024\/09\/Spitzbergen-Adventures-Sarkofagen.jpg 1960w, https:\/\/spitzbergen-adventures.com\/wp-content\/uploads\/2024\/09\/Spitzbergen-Adventures-Sarkofagen-300x168.webp 300w, https:\/\/spitzbergen-adventures.com\/wp-content\/uploads\/2024\/09\/Spitzbergen-Adventures-Sarkofagen-1024x574.webp 1024w, https:\/\/spitzbergen-adventures.com\/wp-content\/uploads\/2024\/09\/Spitzbergen-Adventures-Sarkofagen-768x430.webp 768w, https:\/\/spitzbergen-adventures.com\/wp-content\/uploads\/2024\/09\/Spitzbergen-Adventures-Sarkofagen-1536x860.webp 1536w\" sizes=\"auto, (max-width: 1960px) 100vw, 1960px\" \/><\/a><\/figure>\n\n<h2 class=\"gb-headline gb-headline-3d0f872a gb-headline-text stormedium\"><a href=\"https:\/\/spitzbergen-adventures.com\/no\/sarkofagen\/\">Sarkofagen<\/a><\/h2>\n\n<div class=\"gb-headline gb-headline-b1fd3b34 gb-headline-text\">Sarkofagen Vandring gjennom isbreenes rike Legg ut p\u00e5 et uforglemmelig eventyr i Svalbards barske villmark med en fottur til toppen &#8230;<\/div>\n\n<a class=\"gb-button gb-button-974f3328 gb-button-text\" href=\"https:\/\/spitzbergen-adventures.com\/no\/sarkofagen\/\">Mer informasjon<\/a>\n<\/div><\/div>\n\n<div class=\"gb-grid-column gb-grid-column-49fc27a2 gb-query-loop-item post-1305 post type-post status-publish format-standard has-post-thumbnail hentry category-vinterturer tag-sightseeing-og-fotturer\"><div class=\"gb-container gb-container-49fc27a2\">\n<figure class=\"gb-block-image gb-block-image-a2296fed\"><a href=\"https:\/\/spitzbergen-adventures.com\/no\/platafjellet\/\"><img loading=\"lazy\" decoding=\"async\" width=\"1920\" height=\"1080\" src=\"https:\/\/spitzbergen-adventures.com\/wp-content\/uploads\/2025\/06\/Plateau-Mountain.webp\" class=\"gb-image-a2296fed  aspectratio1-1\" alt=\"Plateau Mountain\" srcset=\"https:\/\/spitzbergen-adventures.com\/wp-content\/uploads\/2025\/06\/Plateau-Mountain.webp 1920w, https:\/\/spitzbergen-adventures.com\/wp-content\/uploads\/2025\/06\/Plateau-Mountain-300x169.webp 300w, https:\/\/spitzbergen-adventures.com\/wp-content\/uploads\/2025\/06\/Plateau-Mountain-1024x576.webp 1024w, https:\/\/spitzbergen-adventures.com\/wp-content\/uploads\/2025\/06\/Plateau-Mountain-768x432.webp 768w, https:\/\/spitzbergen-adventures.com\/wp-content\/uploads\/2025\/06\/Plateau-Mountain-1536x864.webp 1536w\" sizes=\"auto, (max-width: 1920px) 100vw, 1920px\" \/><\/a><\/figure>\n\n<h2 class=\"gb-headline gb-headline-3d0f872a gb-headline-text stormedium\"><a href=\"https:\/\/spitzbergen-adventures.com\/no\/platafjellet\/\">Plat\u00e5fjellet<\/a><\/h2>\n\n<div class=\"gb-headline gb-headline-b1fd3b34 gb-headline-text\">Plat\u00e5fjellet Longyearbyen med utsikt Vi starter turen med en kj\u00f8retur opp til taubanestasjonen og de ikoniske taubanebukkene som en gang &#8230;<\/div>\n\n<a class=\"gb-button gb-button-974f3328 gb-button-text\" href=\"https:\/\/spitzbergen-adventures.com\/no\/platafjellet\/\">Mer informasjon<\/a>\n<\/div><\/div>\n<\/div>\n\n<\/div>\n<\/div>","protected":false},"excerpt":{"rendered":"","protected":false},"author":1,"featured_media":0,"parent":696,"menu_order":0,"comment_status":"closed","ping_status":"closed","template":"","meta":{"_eb_attr":"","slim_seo":{"title":"Sightseeing og fotturer - Spitzbergen Adventures AS","description":""},"footnotes":""},"class_list":["post-664","page","type-page","status-publish"],"_links":{"self":[{"href":"https:\/\/spitzbergen-adventures.com\/no\/wp-json\/wp\/v2\/pages\/664","targetHints":{"allow":["GET"]}}],"collection":[{"href":"https:\/\/spitzbergen-adventures.com\/no\/wp-json\/wp\/v2\/pages"}],"about":[{"href":"https:\/\/spitzbergen-adventures.com\/no\/wp-json\/wp\/v2\/types\/page"}],"author":[{"embeddable":true,"href":"https:\/\/spitzbergen-adventures.com\/no\/wp-json\/wp\/v2\/users\/1"}],"replies":[{"embeddable":true,"href":"https:\/\/spitzbergen-adventures.com\/no\/wp-json\/wp\/v2\/comments?post=664"}],"version-history":[{"count":12,"href":"https:\/\/spitzbergen-adventures.com\/no\/wp-json\/wp\/v2\/pages\/664\/revisions"}],"predecessor-version":[{"id":1677,"href":"https:\/\/spitzbergen-adventures.com\/no\/wp-json\/wp\/v2\/pages\/664\/revisions\/1677"}],"up":[{"embeddable":true,"href":"https:\/\/spitzbergen-adventures.com\/no\/wp-json\/wp\/v2\/pages\/696"}],"wp:attachment":[{"href":"https:\/\/spitzbergen-adventures.com\/no\/wp-json\/wp\/v2\/media?parent=664"}],"curies":[{"name":"wp","href":"https:\/\/api.w.org\/{rel}","templated":true}]}}