{"id":673,"date":"2024-09-29T22:37:50","date_gmt":"2024-09-29T20:37:50","guid":{"rendered":"https:\/\/spitzbergen-adventures.com\/om\/selskapets-arrangementer\/"},"modified":"2024-10-07T15:13:45","modified_gmt":"2024-10-07T13:13:45","slug":"selskapets-arrangementer","status":"publish","type":"page","link":"https:\/\/spitzbergen-adventures.com\/no\/om\/selskapets-arrangementer\/","title":{"rendered":"Firmaturer"},"content":{"rendered":"<div class=\"gb-container gb-container-b930e31e toppbunn5\">\n<div class=\"gb-container gb-container-4e029fdc\">\n<h1 class=\"gb-headline gb-headline-2049d0a9 gb-headline-text stor\">Firmaturer<\/h1>\n\n\n<a class=\"gb-button gb-button-4a4dc642 gb-button-text btn-main floating-button\" href=\"https:\/\/spitzbergen-adventures.com\/no\/?page_id=671\">Booking<\/a>\n\n<\/div>\n<\/div><div class=\"gb-container gb-container-80bf8e25 toppbunn5\" id=\"tourdetails\">\n<div class=\"gb-container gb-container-0694cfc0\">\n\n<h2 class=\"gb-headline gb-headline-0efd3890 gb-headline-text stormedium\">En velfortjent <em>bel\u00f8nning<\/em><\/h2>\n\n\n<div class=\"gb-container gb-container-7ac45a71\">\n<div class=\"gb-container gb-container-f27fee6d\">\n\n<p>Bedriftsarrangementer er en fin m\u00e5te \u00e5 gi teamet ditt en velfortjent bel\u00f8nning, en studietur eller kanskje en ny m\u00e5te \u00e5 drive teambuilding p\u00e5.<\/p>\n\n\n\n<h2 class=\"gb-headline gb-headline-7eec6416 gb-headline-text mediumliten\">S\u00e5 hvorfor ikke dra til Spitsbergen?<\/h2>\n\n\n\n<p>Slike turer blir mer og mer popul\u00e6re, og de fleste bedrifter har innsett hvor viktige de er for teambuilding og motivasjon.<\/p>\n\n<\/div>\n\n<div class=\"gb-container gb-container-a7d94bb7\">\n\n<h2 class=\"gb-headline gb-headline-99c970e7 gb-headline-text mediumliten\">Slike turer har vist seg \u00e5 v\u00e6re en grunnleggende forsterkning av en bedrifts suksess.<\/h2>\n\n\n\n<p>Spitzbergen Adventures er godt forberedt og har et godt team som kan hjelpe deg med de n\u00f8dvendige forberedelsene.\nV\u00e5re ansatte p\u00e5 stedet vil s\u00f8rge for at arrangementet g\u00e5r som planlagt, og ofte litt bedre enn forventet.\nVi har lang erfaring med \u00e5 designe firmaarrangementer for alle typer budsjetter og behov.  <\/p>\n\n\n\n<p>Hvis du deler din historie, intensjoner og utfordringer med oss, vil vi skape ditt individuelle Company Event her p\u00e5 Svalbard.<\/p>\n\n<\/div>\n<\/div>\n\n<div class=\"gb-container gb-container-9a9b86d2\">\n\n<a class=\"gb-button gb-button-75c5436e gb-button-text btn-main\" href=\"https:\/\/spitzbergen-adventures.com\/no\/?page_id=671\">Booking<\/a>\n\n<\/div>\n<\/div>\n<\/div>","protected":false},"excerpt":{"rendered":"<p>Firmaturer En velfortjent bel\u00f8nning Bedriftsarrangementer er en fin m\u00e5te \u00e5 gi teamet ditt en velfortjent bel\u00f8nning, en studietur eller kanskje &#8230; <a title=\"Firmaturer\" class=\"read-more\" href=\"https:\/\/spitzbergen-adventures.com\/no\/om\/selskapets-arrangementer\/\" aria-label=\"Read more about Firmaturer\">Les mer<\/a><\/p>\n","protected":false},"author":1,"featured_media":0,"parent":653,"menu_order":0,"comment_status":"closed","ping_status":"closed","template":"","meta":{"_eb_attr":"","slim_seo":{"title":"Firmaturer - Spitzbergen Adventures AS","description":""},"footnotes":""},"class_list":["post-673","page","type-page","status-publish"],"_links":{"self":[{"href":"https:\/\/spitzbergen-adventures.com\/no\/wp-json\/wp\/v2\/pages\/673","targetHints":{"allow":["GET"]}}],"collection":[{"href":"https:\/\/spitzbergen-adventures.com\/no\/wp-json\/wp\/v2\/pages"}],"about":[{"href":"https:\/\/spitzbergen-adventures.com\/no\/wp-json\/wp\/v2\/types\/page"}],"author":[{"embeddable":true,"href":"https:\/\/spitzbergen-adventures.com\/no\/wp-json\/wp\/v2\/users\/1"}],"replies":[{"embeddable":true,"href":"https:\/\/spitzbergen-adventures.com\/no\/wp-json\/wp\/v2\/comments?post=673"}],"version-history":[{"count":4,"href":"https:\/\/spitzbergen-adventures.com\/no\/wp-json\/wp\/v2\/pages\/673\/revisions"}],"predecessor-version":[{"id":761,"href":"https:\/\/spitzbergen-adventures.com\/no\/wp-json\/wp\/v2\/pages\/673\/revisions\/761"}],"up":[{"embeddable":true,"href":"https:\/\/spitzbergen-adventures.com\/no\/wp-json\/wp\/v2\/pages\/653"}],"wp:attachment":[{"href":"https:\/\/spitzbergen-adventures.com\/no\/wp-json\/wp\/v2\/media?parent=673"}],"curies":[{"name":"wp","href":"https:\/\/api.w.org\/{rel}","templated":true}]}}