{"id":679,"date":"2024-09-06T09:18:00","date_gmt":"2024-09-06T07:18:00","guid":{"rendered":"https:\/\/spitzbergen-adventures.com\/hjem\/"},"modified":"2025-06-13T14:04:15","modified_gmt":"2025-06-13T12:04:15","slug":"hjem","status":"publish","type":"page","link":"https:\/\/spitzbergen-adventures.com\/no\/","title":{"rendered":"Hjem"},"content":{"rendered":"<div class=\"gb-container gb-container-b930e31e toppbunn5\">\n<div class=\"gb-container gb-container-4e029fdc\">\n\n<h1 class=\"gb-headline gb-headline-2049d0a9 gb-headline-text stor\">Opplev <em>magien p\u00e5 Spitsbergen<\/em>!<\/h1>\n\n\n\n<a class=\"gb-button gb-button-4a4dc642 gb-button-text btn-main floating-button\" href=\"https:\/\/spitzbergen-adventures.com\/no\/kontakt\/\">Kontakt<\/a>\n\n<\/div>\n<\/div>\n\n<div class=\"gb-container gb-container-b9993542 toppbunn5\">\n<div class=\"gb-container gb-container-ee122286\">\n\n<h2 class=\"gb-headline gb-headline-d016cee5 gb-headline-text stormedium\">Spitzbergen Adventures<br><em>&#8211; vi vekker Arktis til live<\/em><\/h2>\n\n\n\n<p class=\"has-text-align-center\">Enten du er ute etter et hjertebankende eventyr eller en rolig flukt inn i naturens uber\u00f8rte skj\u00f8nnhet, er vi her for \u00e5 lage den perfekte opplevelsen akkurat for deg.\nUtforsk det ville nord som aldri f\u00f8r med skreddersydde turer som lover uforglemmelige m\u00f8ter og \u00f8yeblikk du vil sette pris p\u00e5 resten av livet. <\/p>\n\n\n\n<h2 class=\"gb-headline gb-headline-a548422d gb-headline-text mediumliten\">Oppdag eventyrene v\u00e5re<\/h2>\n\n\n\n<a class=\"gb-button gb-button-591ab746 btn-main smooth-scroll\" href=\"#adventures\"><span class=\"gb-icon\"><svg xmlns=\"http:\/\/www.w3.org\/2000\/svg\" viewBox=\"0 0 256 256\" height=\"32\" width=\"32\"><path d=\"m205.66 149.66l-72 72a8 8 0 0 1-11.32 0l-72-72a8 8 0 0 1 11.32-11.32L120 196.69V40a8 8 0 0 1 16 0v156.69l58.34-58.35a8 8 0 0 1 11.32 11.32\" fill=\"currentColor\"><\/path><\/svg><\/span><\/a>\n\n<\/div>\n<\/div>\n\n<div class=\"gb-container gb-container-1402eb03\" id=\"adventures\">\n\n    <section id='hover_gallary_section' class='hover_gallary_section'>\n    <div id='section-image-overlay' class='section-image-overlay'><\/div>\n        <a href='\/winter-tours\/' id='wintertours' class='image-div div1' onmouseover='handleMouseover(0)' onmouseleave='handleMouseleave(event)'>\n            <div class='image-overlay' style='background-image: url(\/wp-content\/uploads\/2024\/09\/WinterSingle.webp);'><\/div>\n            <p class='text'>Winter Tours<\/p>\n        <\/a>\n        <a href='\/summer-tours\/' id='summertours' class='image-div div2' onmouseover='handleMouseover(1)' onmouseleave='handleMouseleave(event)'>\n            <div class='image-overlay' style='background-image: url(\/wp-content\/uploads\/2024\/09\/SummerSingle.webp);'><\/div>\n            <p class='text'>Summer Tours<\/p>\n        <\/a>\n        <a href='\/northern-lights\/' id='northernlights' class='image-div div3' onmouseover='handleMouseover(2)' onmouseleave='handleMouseleave(event)'>\n            <div class='image-overlay' style='background-image: url(\/wp-content\/uploads\/2024\/10\/spitsbergen_nordlys.webp);'><\/div>\n            <p class='text'>Northern Lights<\/p>\n        <\/a>\n        <a href='\/accommodation\/' id='accommodation' class='image-div div4' onmouseover='handleMouseover(3)' onmouseleave='handleMouseleave(event)'>\n            <div class='image-overlay' style='background-image: url(\/wp-content\/uploads\/2024\/09\/AccommodationSingle.webp);'><\/div>\n            <p class='text'>Accommodation<\/p>\n        <\/a>\n    <\/section>\n    \n\n<\/div>\n\n<div class=\"gb-container gb-container-54119659 toppbunn8\">\n<div class=\"gb-container gb-container-fbd7fa04\">\n\n<figure class=\"gb-block-image gb-block-image-d1b58699\"><img loading=\"lazy\" decoding=\"async\" width=\"235\" height=\"140\" class=\"gb-image gb-image-d1b58699\" src=\"https:\/\/spitzbergen-adventures.com\/wp-content\/uploads\/2024\/09\/SpitzbergenAdventure_logosymbol_hvit.svg\" alt=\"Spitzbergenadventure Logosymbol Hvit\" title=\"SpitzbergenAdventure_logosymbol_hvit\"\/><\/figure>\n\n\n\n<h2 class=\"gb-headline gb-headline-14edc261 gb-headline-text stormedium\">Vi elsker <em>eventyr<\/em><\/h2>\n\n\n\n<p class=\"has-text-align-center has-base-3-color has-text-color has-link-color wp-elements-2d2522655b4d985095841783b901419d\">Vi tilbyr spennende aktiviteter som sn\u00f8scooterkj\u00f8ring, utforskning av isgrotter, sightseeing og fotturer p\u00e5 Svalbard\/Spitsbergen.\nV\u00e5rt ekspertteam snakker tysk, engelsk og norsk, og har omfattende kunnskap om Arktis.\nVi tilbyr ogs\u00e5 st\u00f8tte til medieproduksjoner og logistikk, noe som sikrer et uforglemmelig eventyr!  <\/p>\n\n\n\n<a class=\"gb-button gb-button-09710fef gb-button-text btn-main\" href=\"https:\/\/spitzbergen-adventures.com\/no\/kontakt\/\">Kontakt<\/a>\n\n<\/div>\n<\/div>","protected":false},"excerpt":{"rendered":"<p>Opplev magien p\u00e5 Spitsbergen! Spitzbergen Adventures&#8211; vi vekker Arktis til live Enten du er ute etter et hjertebankende eventyr eller &#8230; <a title=\"Hjem\" class=\"read-more\" href=\"https:\/\/spitzbergen-adventures.com\/no\/\" aria-label=\"Read more about Hjem\">Les mer<\/a><\/p>\n","protected":false},"author":1,"featured_media":0,"parent":0,"menu_order":0,"comment_status":"closed","ping_status":"closed","template":"","meta":{"_eb_attr":"","slim_seo":{"title":"Spitzbergen Adventures AS","description":"We bring the Arctic to life!","facebook_image":"https:\/\/spitzbergen-adventures.com\/wp-content\/uploads\/2024\/10\/Spitzbergen_Adventures_Social-jpg.webp"},"footnotes":""},"class_list":["post-679","page","type-page","status-publish"],"_links":{"self":[{"href":"https:\/\/spitzbergen-adventures.com\/no\/wp-json\/wp\/v2\/pages\/679","targetHints":{"allow":["GET"]}}],"collection":[{"href":"https:\/\/spitzbergen-adventures.com\/no\/wp-json\/wp\/v2\/pages"}],"about":[{"href":"https:\/\/spitzbergen-adventures.com\/no\/wp-json\/wp\/v2\/types\/page"}],"author":[{"embeddable":true,"href":"https:\/\/spitzbergen-adventures.com\/no\/wp-json\/wp\/v2\/users\/1"}],"replies":[{"embeddable":true,"href":"https:\/\/spitzbergen-adventures.com\/no\/wp-json\/wp\/v2\/comments?post=679"}],"version-history":[{"count":14,"href":"https:\/\/spitzbergen-adventures.com\/no\/wp-json\/wp\/v2\/pages\/679\/revisions"}],"predecessor-version":[{"id":1339,"href":"https:\/\/spitzbergen-adventures.com\/no\/wp-json\/wp\/v2\/pages\/679\/revisions\/1339"}],"wp:attachment":[{"href":"https:\/\/spitzbergen-adventures.com\/no\/wp-json\/wp\/v2\/media?parent=679"}],"curies":[{"name":"wp","href":"https:\/\/api.w.org\/{rel}","templated":true}]}}