{"id":681,"date":"2024-09-29T23:07:57","date_gmt":"2024-09-29T21:07:57","guid":{"rendered":"https:\/\/spitzbergen-adventures.com\/om\/karriere\/"},"modified":"2026-04-24T10:02:58","modified_gmt":"2026-04-24T08:02:58","slug":"karriere","status":"publish","type":"page","link":"https:\/\/spitzbergen-adventures.com\/no\/om\/karriere\/","title":{"rendered":"Karriere"},"content":{"rendered":"<div class=\"gb-container gb-container-b930e31e toppbunn5\">\n<div class=\"gb-container gb-container-4e029fdc\">\n<h1 class=\"gb-headline gb-headline-2049d0a9 gb-headline-text stor\">Karriere<\/h1>\n\n\n<a class=\"gb-button gb-button-4a4dc642 gb-button-text btn-main floating-button\" href=\"https:\/\/spitzbergen-adventures.com\/no\/kontakt\/\">Booking<\/a>\n\n<\/div>\n<\/div><div class=\"gb-container gb-container-80bf8e25 toppbunn5\">\n<div class=\"gb-container gb-container-0694cfc0\">\n\n<h2 class=\"gb-headline gb-headline-0efd3890 gb-headline-text stormedium\">Tilgjengelig stilling: <em>Vinterguide<\/em><\/h2>\n\n\n<div class=\"gb-container gb-container-7ac45a71\">\n<div class=\"gb-container gb-container-f27fee6d\">\n\n<p>Spitzbergen Adventures er en turoperat\u00f8r i Arktis som tilbyr sn\u00f8scooterkj\u00f8ring, utforskning av isgrotter, sightseeing, fotturer og mange andre aktiviteter.  <\/p>\n\n\n\n<p>Vi tilbyr dagsturer, overnattingsturer og spesialtilpassede ekspedisjoner.<\/p>\n\n<\/div>\n\n<div class=\"gb-container gb-container-a7d94bb7\">\n\n<p>Er du et nytt medlem av teamet v\u00e5rt? Vi ser etter deg som har erfaring med \u00e5 jobbe under utfordrende v\u00e6rforhold. Du er en god menneskekjenner og finner glede i \u00e5 vise gjestene v\u00e5re denne vakre \u00f8ya. Du er fleksibel, en probleml\u00f8ser og liker \u00e5 kj\u00f8re sn\u00f8scooter.   <\/p>\n\n\n\n<p>Vi legger ogs\u00e5 til rette for medieproduksjoner og logistikk.<\/p>\n\n<\/div>\n<\/div>\n<\/div>\n<\/div><div class=\"gb-container gb-container-83688f70 toppbunn5\">\n<div class=\"gb-container gb-container-cc366c51\">\n<div class=\"gb-container gb-container-e951f5fa\">\n<div class=\"gb-container gb-container-7228bc96\">\n\n<h2 class=\"gb-headline gb-headline-bf2ed31e gb-headline-text mediumliten\">Jobben krever..:<\/h2>\n\n\n\n<ul class=\"wp-block-list\">\n<li>F\u00f8rerkort (kategori B)<\/li>\n\n\n\n<li>Svalbard Guide Training Course og\/eller Arctic Nature Guide-sertifisering<\/li>\n\n\n\n<li>V\u00e5penkort (L\u00e5nel\u00f8yve)<\/li>\n\n\n\n<li>L\u00f8yve for persontransport (&laquo;Kj\u00f8reseddel&raquo;)<\/li>\n\n\n\n<li>Sn\u00f8scootererfaring eller lignende<\/li>\n\n\n\n<li>Lidenskapelig opptatt av guiding<\/li>\n\n\n\n<li>Fortrinnsvis Svalbard-erfaring<\/li>\n\n\n\n<li>Grunnleggende f\u00f8rstehjelpskunnskaper<\/li>\n<\/ul>\n\n<\/div>\n\n<div class=\"gb-container gb-container-490a5847\">\n\n<h2 class=\"gb-headline gb-headline-0bfe4946 gb-headline-text mediumliten\">Personlige egenskaper:<\/h2>\n\n\n\n<ul class=\"wp-block-list\">\n<li>Proaktiv holdning<\/li>\n\n\n\n<li>Serviceorientert<\/li>\n\n\n\n<li>P\u00e5litelig<\/li>\n\n\n\n<li>Tilpasningsdyktig<\/li>\n\n\n\n<li>Organisert<\/li>\n\n\n\n<li>Positive fremtidsutsikter<\/li>\n\n\n\n<li>Grunnleggende engelskkunnskaper<\/li>\n<\/ul>\n\n<\/div>\n\n<div class=\"gb-container gb-container-666a6d55\">\n\n<h2 class=\"gb-headline gb-headline-de96cf97 gb-headline-text mediumliten\">Hva vi tilbyr:<\/h2>\n\n\n\n<ul class=\"wp-block-list\">\n<li>Mulighet for hel\u00e5rskontrakt<\/li>\n\n\n\n<li>Hjelp til \u00e5 finne en leilighet<\/li>\n\n\n\n<li>Godt arbeidsmilj\u00f8 med riktig utstyr<\/li>\n\n\n\n<li>Varierte arbeidsdager i fantastiske arktiske omgivelser<\/li>\n\n\n\n<li>Omfattende oppl\u00e6ring og prosedyrer<\/li>\n<\/ul>\n\n<\/div>\n<\/div>\n<\/div>\n<\/div>","protected":false},"excerpt":{"rendered":"<p>Karriere Tilgjengelig stilling: Vinterguide Spitzbergen Adventures er en turoperat\u00f8r i Arktis som tilbyr sn\u00f8scooterkj\u00f8ring, utforskning av isgrotter, sightseeing, fotturer og &#8230; <a title=\"Karriere\" class=\"read-more\" href=\"https:\/\/spitzbergen-adventures.com\/no\/om\/karriere\/\" aria-label=\"Read more about Karriere\">Les mer<\/a><\/p>\n","protected":false},"author":1,"featured_media":0,"parent":653,"menu_order":0,"comment_status":"closed","ping_status":"closed","template":"","meta":{"_eb_attr":"","slim_seo":{"title":"Karriere - Spitzbergen Adventures AS","description":""},"footnotes":""},"class_list":["post-681","page","type-page","status-publish"],"_links":{"self":[{"href":"https:\/\/spitzbergen-adventures.com\/no\/wp-json\/wp\/v2\/pages\/681","targetHints":{"allow":["GET"]}}],"collection":[{"href":"https:\/\/spitzbergen-adventures.com\/no\/wp-json\/wp\/v2\/pages"}],"about":[{"href":"https:\/\/spitzbergen-adventures.com\/no\/wp-json\/wp\/v2\/types\/page"}],"author":[{"embeddable":true,"href":"https:\/\/spitzbergen-adventures.com\/no\/wp-json\/wp\/v2\/users\/1"}],"replies":[{"embeddable":true,"href":"https:\/\/spitzbergen-adventures.com\/no\/wp-json\/wp\/v2\/comments?post=681"}],"version-history":[{"count":4,"href":"https:\/\/spitzbergen-adventures.com\/no\/wp-json\/wp\/v2\/pages\/681\/revisions"}],"predecessor-version":[{"id":1630,"href":"https:\/\/spitzbergen-adventures.com\/no\/wp-json\/wp\/v2\/pages\/681\/revisions\/1630"}],"up":[{"embeddable":true,"href":"https:\/\/spitzbergen-adventures.com\/no\/wp-json\/wp\/v2\/pages\/653"}],"wp:attachment":[{"href":"https:\/\/spitzbergen-adventures.com\/no\/wp-json\/wp\/v2\/media?parent=681"}],"curies":[{"name":"wp","href":"https:\/\/api.w.org\/{rel}","templated":true}]}}