{"id":684,"date":"2024-09-29T22:43:28","date_gmt":"2024-09-29T20:43:28","guid":{"rendered":"https:\/\/spitzbergen-adventures.com\/om\/logistisk-stotte\/"},"modified":"2024-10-10T09:23:38","modified_gmt":"2024-10-10T07:23:38","slug":"logistisk-stotte","status":"publish","type":"page","link":"https:\/\/spitzbergen-adventures.com\/no\/om\/logistisk-stotte\/","title":{"rendered":"Logistisk st\u00f8tte"},"content":{"rendered":"<div class=\"gb-container gb-container-b930e31e toppbunn5\">\n<div class=\"gb-container gb-container-4e029fdc\">\n<h1 class=\"gb-headline gb-headline-2049d0a9 gb-headline-text stor\">Logistisk st\u00f8tte<\/h1>\n\n\n<a class=\"gb-button gb-button-4a4dc642 gb-button-text btn-main floating-button\" href=\"https:\/\/spitzbergen-adventures.com\/no\/kontakt\/\">Booking<\/a>\n\n<\/div>\n<\/div>\n\n<div class=\"gb-container gb-container-80bf8e25 toppbunn5\" id=\"tourdetails\">\n<div class=\"gb-container gb-container-0694cfc0\">\n\n<h2 class=\"gb-headline gb-headline-0efd3890 gb-headline-text stormedium\">Din partner <em>p\u00e5 stedet<\/em><\/h2>\n\n\n<div class=\"gb-container gb-container-7ac45a71\">\n<div class=\"gb-container gb-container-f27fee6d\">\n\n<h2 class=\"gb-headline gb-headline-7eec6416 gb-headline-text mediumliten\">Er du p\u00e5 forretningsreise p\u00e5 \u00f8ya?\nTrenger du st\u00f8tte til forberedelse og\/eller gjennomf\u00f8ring av prosjektet ditt?\nHar du behov for b\u00e5tservice?  <\/h2>\n\n\n\n<p>Polaromr\u00e5det er naturskj\u00f8nt, unikt og attraktivt.\nDette gir medieselskaper og turoperat\u00f8rer enorme muligheter for kreativt arbeid. <\/p>\n\n\n\n<p>Spitzbergen Adventures har lang erfaring med \u00e5 st\u00f8tte selskaper i utf\u00f8relsen av deres arbeid her.\nVi kan bist\u00e5 i alle situasjoner: Utfylling av skjemaer, lokasjonss\u00f8k, transport, overnatting, logistikk generelt.\nVi har allerede hatt gleden av \u00e5 bist\u00e5 mange forskjellige selskaper og bidra til at prosjektene deres blir en suksess.  <\/p>\n\n<\/div>\n\n<div class=\"gb-container gb-container-a7d94bb7\">\n\n<p>V\u00e5re medarbeidere er flerspr\u00e5klige og sv\u00e6rt fleksible ved uventede eller plutselige endringer. Vi tilbyr ogs\u00e5 oppf\u00f8lging i etterkant av produksjonen.<\/p>\n\n\n\n<p>V\u00e5r erfaring og v\u00e5re nettverksmuligheter gj\u00f8r oss til din ideelle partner p\u00e5 stedet.<\/p>\n\n<\/div>\n<\/div>\n\n<div class=\"gb-container gb-container-9a9b86d2\">\n\n<a class=\"gb-button gb-button-75c5436e gb-button-text btn-main\" href=\"https:\/\/spitzbergen-adventures.com\/no\/kontakt\/\">Booking<\/a>\n\n<\/div>\n<\/div>\n<\/div>","protected":false},"excerpt":{"rendered":"<p>Logistisk st\u00f8tte Din partner p\u00e5 stedet Er du p\u00e5 forretningsreise p\u00e5 \u00f8ya? Trenger du st\u00f8tte til forberedelse og\/eller gjennomf\u00f8ring av &#8230; <a title=\"Logistisk st\u00f8tte\" class=\"read-more\" href=\"https:\/\/spitzbergen-adventures.com\/no\/om\/logistisk-stotte\/\" aria-label=\"Read more about Logistisk st\u00f8tte\">Les mer<\/a><\/p>\n","protected":false},"author":1,"featured_media":0,"parent":653,"menu_order":0,"comment_status":"closed","ping_status":"closed","template":"","meta":{"_eb_attr":"","slim_seo":{"title":"Logistisk st\u00f8tte - Spitzbergen Adventures AS","description":""},"footnotes":""},"class_list":["post-684","page","type-page","status-publish"],"_links":{"self":[{"href":"https:\/\/spitzbergen-adventures.com\/no\/wp-json\/wp\/v2\/pages\/684","targetHints":{"allow":["GET"]}}],"collection":[{"href":"https:\/\/spitzbergen-adventures.com\/no\/wp-json\/wp\/v2\/pages"}],"about":[{"href":"https:\/\/spitzbergen-adventures.com\/no\/wp-json\/wp\/v2\/types\/page"}],"author":[{"embeddable":true,"href":"https:\/\/spitzbergen-adventures.com\/no\/wp-json\/wp\/v2\/users\/1"}],"replies":[{"embeddable":true,"href":"https:\/\/spitzbergen-adventures.com\/no\/wp-json\/wp\/v2\/comments?post=684"}],"version-history":[{"count":4,"href":"https:\/\/spitzbergen-adventures.com\/no\/wp-json\/wp\/v2\/pages\/684\/revisions"}],"predecessor-version":[{"id":896,"href":"https:\/\/spitzbergen-adventures.com\/no\/wp-json\/wp\/v2\/pages\/684\/revisions\/896"}],"up":[{"embeddable":true,"href":"https:\/\/spitzbergen-adventures.com\/no\/wp-json\/wp\/v2\/pages\/653"}],"wp:attachment":[{"href":"https:\/\/spitzbergen-adventures.com\/no\/wp-json\/wp\/v2\/media?parent=684"}],"curies":[{"name":"wp","href":"https:\/\/api.w.org\/{rel}","templated":true}]}}