{"id":687,"date":"2024-09-29T21:24:19","date_gmt":"2024-09-29T19:24:19","guid":{"rendered":"https:\/\/spitzbergen-adventures.com\/om\/godt-a-vite\/"},"modified":"2024-09-30T02:43:20","modified_gmt":"2024-09-30T00:43:20","slug":"godt-a-vite","status":"publish","type":"page","link":"https:\/\/spitzbergen-adventures.com\/no\/om\/godt-a-vite\/","title":{"rendered":"Godt \u00e5 vite"},"content":{"rendered":"<div class=\"gb-container gb-container-b930e31e toppbunn5\">\n<div class=\"gb-container gb-container-4e029fdc\">\n<h1 class=\"gb-headline gb-headline-2049d0a9 gb-headline-text stor\">Godt \u00e5 vite<\/h1>\n\n\n<a class=\"gb-button gb-button-4a4dc642 gb-button-text btn-main floating-button\" href=\"https:\/\/spitzbergen-adventures.com\/no\/?page_id=671\">Booking<\/a>\n\n<\/div>\n<\/div><div class=\"gb-container gb-container-91a95f83 toppbunn5\">\n<div class=\"gb-container gb-container-6f199466\">\n\n<h2 class=\"gb-headline gb-headline-ef661d5c gb-headline-text stormedium\"><em>Vi<\/em> vil tilby<\/h2>\n\n\n<div class=\"gb-grid-wrapper gb-grid-wrapper-e84f8dfe\">\n<div class=\"gb-grid-column gb-grid-column-8f77cd3f\"><div class=\"gb-container gb-container-8f77cd3f\">\n\n<p class=\"gb-headline gb-headline-cc19bf33 gb-headline-text mediumliten\">En varm sn\u00f8scooterdress<\/p>\n\n<\/div><\/div>\n\n<div class=\"gb-grid-column gb-grid-column-dae3c05f\"><div class=\"gb-container gb-container-dae3c05f\">\n\n<p class=\"gb-headline gb-headline-7ca46e10 gb-headline-text mediumliten\">Sko<\/p>\n\n<\/div><\/div>\n\n<div class=\"gb-grid-column gb-grid-column-62c81ebb\"><div class=\"gb-container gb-container-62c81ebb\">\n\n<p class=\"gb-headline gb-headline-13a8e5d9 gb-headline-text mediumliten\">Hansker, balaklava (ansiktsmaske)<\/p>\n\n<\/div><\/div>\n\n<div class=\"gb-grid-column gb-grid-column-ab0ade76\"><div class=\"gb-container gb-container-ab0ade76\">\n\n<p class=\"gb-headline gb-headline-f25ce519 gb-headline-text mediumliten\">Hjelm med visir<\/p>\n\n<\/div><\/div>\n\n<div class=\"gb-grid-column gb-grid-column-e8be207b\"><div class=\"gb-container gb-container-e8be207b\">\n\n<p class=\"gb-headline gb-headline-cc9afb06 gb-headline-text mediumliten\">Passende kl\u00e6r<\/p>\n\n<\/div><\/div>\n\n<div class=\"gb-grid-column gb-grid-column-bec2e6b6\"><div class=\"gb-container gb-container-bec2e6b6\">\n\n<p class=\"gb-headline gb-headline-3d5b5491 gb-headline-text mediumliten\">T\u00f8rrdrakt \/ v\u00e5tdrakt<\/p>\n\n<\/div><\/div>\n\n<div class=\"gb-grid-column gb-grid-column-3206ae08\"><div class=\"gb-container gb-container-3206ae08\">\n\n<p class=\"gb-headline gb-headline-239223ef gb-headline-text mediumliten\">Livbelte<\/p>\n\n<\/div><\/div>\n\n<div class=\"gb-grid-column gb-grid-column-48940c6d\"><div class=\"gb-container gb-container-48940c6d\">\n\n<p class=\"gb-headline gb-headline-ce170ae3 gb-headline-text mediumliten\">Overall for hundekj\u00f8ring<\/p>\n\n<\/div><\/div>\n<\/div>\n<\/div>\n<\/div><div class=\"gb-container gb-container-0640f90e toppbunn5\">\n<div class=\"gb-container gb-container-02978e74\">\n\n<h2 class=\"gb-headline gb-headline-9d949a8f gb-headline-text stormedium\">Hva <em>du<\/em> b\u00f8r ta med <em>deg<\/em> <\/h2>\n\n\n<div class=\"gb-grid-wrapper gb-grid-wrapper-f25b9f78\">\n<div class=\"gb-grid-column gb-grid-column-b35993bf\"><div class=\"gb-container gb-container-b35993bf\">\n\n<p class=\"gb-headline gb-headline-937ac1b2 gb-headline-text mediumliten\">Merinoull og fleece til det innerste laget, b\u00e5de for kropp og f\u00f8tter<\/p>\n\n<\/div><\/div>\n\n<div class=\"gb-grid-column gb-grid-column-39744a1a\"><div class=\"gb-container gb-container-39744a1a\">\n\n<p class=\"gb-headline gb-headline-a5adb46f gb-headline-text mediumliten\">Beskyttelsesbriller, solbriller<\/p>\n\n<\/div><\/div>\n\n<div class=\"gb-grid-column gb-grid-column-e029f8c0\"><div class=\"gb-container gb-container-e029f8c0\">\n\n<p class=\"gb-headline gb-headline-23e0864c gb-headline-text mediumliten\">Varme bukser, sko og jakke<\/p>\n\n<\/div><\/div>\n\n<div class=\"gb-grid-column gb-grid-column-50325e6b\"><div class=\"gb-container gb-container-50325e6b\">\n\n<p class=\"gb-headline gb-headline-be0108f8 gb-headline-text mediumliten\">Dun er alltid et godt valg i tillegg til ull<\/p>\n\n<\/div><\/div>\n\n<div class=\"gb-grid-column gb-grid-column-8a5c0761\"><div class=\"gb-container gb-container-8a5c0761\">\n\n<p class=\"gb-headline gb-headline-94f76c99 gb-headline-text mediumliten\">Tynne hansker for h\u00e5ndtering av kamera, mat eller andre situasjoner der du trenger et godt grep<\/p>\n\n<\/div><\/div>\n\n<div class=\"gb-grid-column gb-grid-column-dd4a8861\"><div class=\"gb-container gb-container-dd4a8861\">\n\n<p class=\"gb-headline gb-headline-fceb7fdd gb-headline-text mediumliten\">Ekstra batterier til kameraet ditt<\/p>\n\n<\/div><\/div>\n\n<div class=\"gb-grid-column gb-grid-column-5b16a9ba\"><div class=\"gb-container gb-container-5b16a9ba\">\n\n<p class=\"gb-headline gb-headline-d1a016eb gb-headline-text mediumliten\">Liten ryggsekk for ekstra kl\u00e6r og\/eller termosflaske, vann, snacks<\/p>\n\n<\/div><\/div>\n\n<div class=\"gb-grid-column gb-grid-column-dfe58b55\"><div class=\"gb-container gb-container-dfe58b55\">\n\n<p class=\"gb-headline gb-headline-d77e7710 gb-headline-text mediumliten\">F\u00f8rerkort (sv\u00e6rt viktig p\u00e5 sn\u00f8scooterturer!)<\/p>\n\n<\/div><\/div>\n\n<div class=\"gb-grid-column gb-grid-column-a896c171\"><div class=\"gb-container gb-container-a896c171\">\n\n<p class=\"gb-headline gb-headline-d064906a gb-headline-text mediumliten\">Kontaktlinser hvis du bruker briller<\/p>\n\n<\/div><\/div>\n<\/div>\n<\/div>\n<\/div>\n<figure class=\"gb-block-image gb-block-image-be9bf5b7\"><img loading=\"lazy\" decoding=\"async\" width=\"1920\" height=\"1080\" class=\"gb-image gb-image-be9bf5b7\" src=\"https:\/\/spitzbergen-adventures.com\/wp-content\/uploads\/2024\/09\/Spitzbergen_Good_to_Know_2-jpg.webp\" alt=\"Spitsbergen Godt \u00e5 vite 2\" title=\"Spitsbergen_Godt_\u00e5_vite_2\" srcset=\"https:\/\/spitzbergen-adventures.com\/wp-content\/uploads\/2024\/09\/Spitzbergen_Good_to_Know_2-jpg.webp 1920w, https:\/\/spitzbergen-adventures.com\/wp-content\/uploads\/2024\/09\/Spitzbergen_Good_to_Know_2-300x169.webp 300w, https:\/\/spitzbergen-adventures.com\/wp-content\/uploads\/2024\/09\/Spitzbergen_Good_to_Know_2-1024x576.webp 1024w, https:\/\/spitzbergen-adventures.com\/wp-content\/uploads\/2024\/09\/Spitzbergen_Good_to_Know_2-768x432.webp 768w, https:\/\/spitzbergen-adventures.com\/wp-content\/uploads\/2024\/09\/Spitzbergen_Good_to_Know_2-1536x864.webp 1536w\" sizes=\"auto, (max-width: 1920px) 100vw, 1920px\" \/><\/figure>\n<div class=\"gb-container gb-container-80bf8e25 toppbunn5\" id=\"tourdetails\">\n<div class=\"gb-container gb-container-0694cfc0\">\n\n<h2 class=\"gb-headline gb-headline-0efd3890 gb-headline-text stormedium\">Oversikt over sesongen<\/h2>\n\n\n<div class=\"gb-container gb-container-7ac45a71\">\n<div class=\"gb-container gb-container-f27fee6d\">\n\n<h2 class=\"gb-headline gb-headline-5dee10c6 gb-headline-text mediumliten\">Sommer (juni-august)<\/h2>\n\n\n\n<p>24 timer sollys, midnattssolen p\u00e5 sitt beste<\/p>\n\n\n\n<h2 class=\"gb-headline gb-headline-7eec6416 gb-headline-text mediumliten\">H\u00f8sten (september-oktober)<\/h2>\n\n\n\n<p>Fra 23. august blir dagene kortere igjen<\/p>\n\n\n\n<h2 class=\"gb-headline gb-headline-c7762323 gb-headline-text mediumliten\">Den m\u00f8rke \u00e5rstiden (november-midten av januar)<\/h2>\n\n\n\n<p>I mer enn to m\u00e5neder har vi absolutt ikke noe naturlig lys i det hele tatt<\/p>\n\n<\/div>\n\n<div class=\"gb-container gb-container-a7d94bb7\">\n\n<h2 class=\"gb-headline gb-headline-99c970e7 gb-headline-text mediumliten\">Vinter (midten av januar-mai)<\/h2>\n\n\n\n<p>Selv her oppe ved Nordpolen f\u00e5r vi en slags normal dag- og nattrytme.\nOg solen kommer tilbake.\nOm vinteren kan temperaturen synke ned til under -20 grader Celsius.  <\/p>\n\n\n\n<h2 class=\"gb-headline gb-headline-9546f273 gb-headline-text mediumliten\">V\u00e5r (mai)<\/h2>\n\n\n\n<p>Mens isen smelter, st\u00e5r midnattssolen opp igjen, og sommersesongen kommer stadig n\u00e6rmere<\/p>\n\n<\/div>\n<\/div>\n\n<div class=\"gb-container gb-container-9a9b86d2\">\n\n<a class=\"gb-button gb-button-75c5436e gb-button-text btn-main\" href=\"https:\/\/spitzbergen-adventures.com\/no\/?page_id=671\">Booking<\/a>\n\n<\/div>\n<\/div>\n<\/div>","protected":false},"excerpt":{"rendered":"<p>Godt \u00e5 vite Vi vil tilby Hva du b\u00f8r ta med deg Oversikt over sesongen Sommer (juni-august) 24 timer sollys, &#8230; <a title=\"Godt \u00e5 vite\" class=\"read-more\" href=\"https:\/\/spitzbergen-adventures.com\/no\/om\/godt-a-vite\/\" aria-label=\"Read more about Godt \u00e5 vite\">Les mer<\/a><\/p>\n","protected":false},"author":1,"featured_media":0,"parent":653,"menu_order":0,"comment_status":"closed","ping_status":"closed","template":"","meta":{"_eb_attr":"","slim_seo":{"title":"Godt \u00e5 vite - Spitzbergen Adventures AS","description":""},"footnotes":""},"class_list":["post-687","page","type-page","status-publish"],"_links":{"self":[{"href":"https:\/\/spitzbergen-adventures.com\/no\/wp-json\/wp\/v2\/pages\/687","targetHints":{"allow":["GET"]}}],"collection":[{"href":"https:\/\/spitzbergen-adventures.com\/no\/wp-json\/wp\/v2\/pages"}],"about":[{"href":"https:\/\/spitzbergen-adventures.com\/no\/wp-json\/wp\/v2\/types\/page"}],"author":[{"embeddable":true,"href":"https:\/\/spitzbergen-adventures.com\/no\/wp-json\/wp\/v2\/users\/1"}],"replies":[{"embeddable":true,"href":"https:\/\/spitzbergen-adventures.com\/no\/wp-json\/wp\/v2\/comments?post=687"}],"version-history":[{"count":4,"href":"https:\/\/spitzbergen-adventures.com\/no\/wp-json\/wp\/v2\/pages\/687\/revisions"}],"predecessor-version":[{"id":763,"href":"https:\/\/spitzbergen-adventures.com\/no\/wp-json\/wp\/v2\/pages\/687\/revisions\/763"}],"up":[{"embeddable":true,"href":"https:\/\/spitzbergen-adventures.com\/no\/wp-json\/wp\/v2\/pages\/653"}],"wp:attachment":[{"href":"https:\/\/spitzbergen-adventures.com\/no\/wp-json\/wp\/v2\/media?parent=687"}],"curies":[{"name":"wp","href":"https:\/\/api.w.org\/{rel}","templated":true}]}}