{"id":692,"date":"2024-09-27T14:29:31","date_gmt":"2024-09-27T12:29:31","guid":{"rendered":"https:\/\/spitzbergen-adventures.com\/sommerturer\/"},"modified":"2024-09-30T01:43:55","modified_gmt":"2024-09-29T23:43:55","slug":"sommerturer","status":"publish","type":"page","link":"https:\/\/spitzbergen-adventures.com\/no\/sommerturer\/","title":{"rendered":"Sommerturer"},"content":{"rendered":"<div class=\"gb-container gb-container-b930e31e toppbunn5\">\n<div class=\"gb-container gb-container-4e029fdc\">\n<h1 class=\"gb-headline gb-headline-2049d0a9 gb-headline-text stor\">Sommerturer<\/h1>\n\n\n<a class=\"gb-button gb-button-4a4dc642 gb-button-text btn-main floating-button\" href=\"https:\/\/spitzbergen-adventures.com\/no\/?page_id=671\" target=\"_blank\" rel=\"noopener noreferrer\">Booking<\/a>\n\n<\/div>\n<\/div><div class=\"gb-container gb-container-81bd82c5 toppbunn8\">\n<div class=\"gb-container gb-container-61c0c322\">\n\n<div class=\"gb-grid-wrapper gb-grid-wrapper-496b684d gb-query-loop-wrapper\">\n<div class=\"gb-grid-column gb-grid-column-49fc27a2 gb-query-loop-item post-712 post type-post status-publish format-standard has-post-thumbnail hentry category-sommerturer\"><div class=\"gb-container gb-container-49fc27a2\">\n<figure class=\"gb-block-image gb-block-image-a2296fed\"><a href=\"https:\/\/spitzbergen-adventures.com\/no\/cruiseline\/\"><img loading=\"lazy\" decoding=\"async\" width=\"1920\" height=\"1080\" src=\"https:\/\/spitzbergen-adventures.com\/wp-content\/uploads\/2024\/09\/Spitzbergen-Adventures-Cruiseline.webp\" class=\"gb-image-a2296fed  aspectratio1-1\" alt=\"Spitsbergen eventyr cruiselinje\" srcset=\"https:\/\/spitzbergen-adventures.com\/wp-content\/uploads\/2024\/09\/Spitzbergen-Adventures-Cruiseline.webp 1920w, https:\/\/spitzbergen-adventures.com\/wp-content\/uploads\/2024\/09\/Spitzbergen-Adventures-Cruiseline-300x169.webp 300w, https:\/\/spitzbergen-adventures.com\/wp-content\/uploads\/2024\/09\/Spitzbergen-Adventures-Cruiseline-1024x576.webp 1024w, https:\/\/spitzbergen-adventures.com\/wp-content\/uploads\/2024\/09\/Spitzbergen-Adventures-Cruiseline-768x432.webp 768w, https:\/\/spitzbergen-adventures.com\/wp-content\/uploads\/2024\/09\/Spitzbergen-Adventures-Cruiseline-1536x864.webp 1536w\" sizes=\"auto, (max-width: 1920px) 100vw, 1920px\" \/><\/a><\/figure>\n\n<h2 class=\"gb-headline gb-headline-3d0f872a gb-headline-text stormedium\"><a href=\"https:\/\/spitzbergen-adventures.com\/no\/cruiseline\/\">Cruiseline<\/a><\/h2>\n\n<div class=\"gb-headline gb-headline-b1fd3b34 gb-headline-text\">Cruiseline Opplev en unik reise F\u00e5 mest mulig ut av tiden din i Longyearbyen med v\u00e5r 6-timers Cruise-Line Tour, som &#8230;<\/div>\n\n<a class=\"gb-button gb-button-974f3328 gb-button-text\" href=\"https:\/\/spitzbergen-adventures.com\/no\/cruiseline\/\">Mer informasjon<\/a>\n<\/div><\/div>\n\n<div class=\"gb-grid-column gb-grid-column-49fc27a2 gb-query-loop-item post-742 post type-post status-publish format-standard has-post-thumbnail hentry category-sommerturer tag-sightseeing-og-fotturer\"><div class=\"gb-container gb-container-49fc27a2\">\n<figure class=\"gb-block-image gb-block-image-a2296fed\"><a href=\"https:\/\/spitzbergen-adventures.com\/no\/vandring\/\"><img loading=\"lazy\" decoding=\"async\" width=\"1952\" height=\"1098\" src=\"https:\/\/spitzbergen-adventures.com\/wp-content\/uploads\/2024\/09\/spitsbergen_hiking-jpg.webp\" class=\"gb-image-a2296fed  aspectratio1-1\" alt=\"Spitsbergen hiking\" srcset=\"https:\/\/spitzbergen-adventures.com\/wp-content\/uploads\/2024\/09\/spitsbergen_hiking-jpg.webp 1952w, https:\/\/spitzbergen-adventures.com\/wp-content\/uploads\/2024\/09\/spitsbergen_hiking-300x169.webp 300w, https:\/\/spitzbergen-adventures.com\/wp-content\/uploads\/2024\/09\/spitsbergen_hiking-1024x576.webp 1024w, https:\/\/spitzbergen-adventures.com\/wp-content\/uploads\/2024\/09\/spitsbergen_hiking-768x432.webp 768w, https:\/\/spitzbergen-adventures.com\/wp-content\/uploads\/2024\/09\/spitsbergen_hiking-1536x864.webp 1536w\" sizes=\"auto, (max-width: 1952px) 100vw, 1952px\" \/><\/a><\/figure>\n\n<h2 class=\"gb-headline gb-headline-3d0f872a gb-headline-text stormedium\"><a href=\"https:\/\/spitzbergen-adventures.com\/no\/vandring\/\">Vandring<\/a><\/h2>\n\n<div class=\"gb-headline gb-headline-b1fd3b34 gb-headline-text\">Vandring Bli med oss p\u00e5 en unik reise Bli med p\u00e5 en unik og fleksibel fottur, der destinasjonen tilpasser seg &#8230;<\/div>\n\n<a class=\"gb-button gb-button-974f3328 gb-button-text\" href=\"https:\/\/spitzbergen-adventures.com\/no\/vandring\/\">Mer informasjon<\/a>\n<\/div><\/div>\n\n<div class=\"gb-grid-column gb-grid-column-49fc27a2 gb-query-loop-item post-706 post type-post status-publish format-standard has-post-thumbnail hentry category-sommerturer tag-sightseeing-og-fotturer\"><div class=\"gb-container gb-container-49fc27a2\">\n<figure class=\"gb-block-image gb-block-image-a2296fed\"><a href=\"https:\/\/spitzbergen-adventures.com\/no\/sightseeing\/\"><img loading=\"lazy\" decoding=\"async\" width=\"1920\" height=\"1008\" src=\"https:\/\/spitzbergen-adventures.com\/wp-content\/uploads\/2024\/09\/Spitzbergen_Adventures_Sightseeing_2.jpg\" class=\"gb-image-a2296fed  aspectratio1-1\" alt=\"Spitzbergen Adventures Sightseeing\" srcset=\"https:\/\/spitzbergen-adventures.com\/wp-content\/uploads\/2024\/09\/Spitzbergen_Adventures_Sightseeing_2.jpg 1920w, https:\/\/spitzbergen-adventures.com\/wp-content\/uploads\/2024\/09\/Spitzbergen_Adventures_Sightseeing_2-300x158.webp 300w, https:\/\/spitzbergen-adventures.com\/wp-content\/uploads\/2024\/09\/Spitzbergen_Adventures_Sightseeing_2-1024x538.webp 1024w, https:\/\/spitzbergen-adventures.com\/wp-content\/uploads\/2024\/09\/Spitzbergen_Adventures_Sightseeing_2-768x403.webp 768w, https:\/\/spitzbergen-adventures.com\/wp-content\/uploads\/2024\/09\/Spitzbergen_Adventures_Sightseeing_2-1536x806.webp 1536w\" sizes=\"auto, (max-width: 1920px) 100vw, 1920px\" \/><\/a><\/figure>\n\n<h2 class=\"gb-headline gb-headline-3d0f872a gb-headline-text stormedium\"><a href=\"https:\/\/spitzbergen-adventures.com\/no\/sightseeing\/\">Sightseeing<\/a><\/h2>\n\n<div class=\"gb-headline gb-headline-b1fd3b34 gb-headline-text\">Sightseeing Den litt annerledes sightseeingturen Fang Svalbards fantastiske skj\u00f8nnhet p\u00e5 denne 3-timers fototuren. Enten du er en erfaren fotograf eller &#8230;<\/div>\n\n<a class=\"gb-button gb-button-974f3328 gb-button-text\" href=\"https:\/\/spitzbergen-adventures.com\/no\/sightseeing\/\">Mer informasjon<\/a>\n<\/div><\/div>\n\n<div class=\"gb-grid-column gb-grid-column-49fc27a2 gb-query-loop-item post-721 post type-post status-publish format-standard has-post-thumbnail hentry category-sommerturer\"><div class=\"gb-container gb-container-49fc27a2\">\n<figure class=\"gb-block-image gb-block-image-a2296fed\"><a href=\"https:\/\/spitzbergen-adventures.com\/no\/bjorndalen\/\"><img loading=\"lazy\" decoding=\"async\" width=\"1920\" height=\"1080\" src=\"https:\/\/spitzbergen-adventures.com\/wp-content\/uploads\/2024\/09\/Spitzbergen-Bjorndalen.webp\" class=\"gb-image-a2296fed  aspectratio1-1\" alt=\"Spitzbergen Bjorndalen\" srcset=\"https:\/\/spitzbergen-adventures.com\/wp-content\/uploads\/2024\/09\/Spitzbergen-Bjorndalen.webp 1920w, https:\/\/spitzbergen-adventures.com\/wp-content\/uploads\/2024\/09\/Spitzbergen-Bjorndalen-300x169.webp 300w, https:\/\/spitzbergen-adventures.com\/wp-content\/uploads\/2024\/09\/Spitzbergen-Bjorndalen-1024x576.webp 1024w, https:\/\/spitzbergen-adventures.com\/wp-content\/uploads\/2024\/09\/Spitzbergen-Bjorndalen-768x432.webp 768w, https:\/\/spitzbergen-adventures.com\/wp-content\/uploads\/2024\/09\/Spitzbergen-Bjorndalen-1536x864.webp 1536w\" sizes=\"auto, (max-width: 1920px) 100vw, 1920px\" \/><\/a><\/figure>\n\n<h2 class=\"gb-headline gb-headline-3d0f872a gb-headline-text stormedium\"><a href=\"https:\/\/spitzbergen-adventures.com\/no\/bjorndalen\/\">Bj\u00f8rndalen<\/a><\/h2>\n\n<div class=\"gb-headline gb-headline-b1fd3b34 gb-headline-text\">Bj\u00f8rndalen Utforsk Svalbards karakter Bli med p\u00e5 en bemerkelsesverdig reise inn i Bj\u00f8rndalen, en av de mest pittoreske dalene i &#8230;<\/div>\n\n<a class=\"gb-button gb-button-974f3328 gb-button-text\" href=\"https:\/\/spitzbergen-adventures.com\/no\/bjorndalen\/\">Mer informasjon<\/a>\n<\/div><\/div>\n\n<div class=\"gb-grid-column gb-grid-column-49fc27a2 gb-query-loop-item post-703 post type-post status-publish format-standard has-post-thumbnail hentry category-sommerturer\"><div class=\"gb-container gb-container-49fc27a2\">\n<figure class=\"gb-block-image gb-block-image-a2296fed\"><a href=\"https:\/\/spitzbergen-adventures.com\/no\/fuglesafari\/\"><img loading=\"lazy\" decoding=\"async\" width=\"1920\" height=\"1080\" src=\"https:\/\/spitzbergen-adventures.com\/wp-content\/uploads\/2024\/09\/Alke.webp\" class=\"gb-image-a2296fed  aspectratio1-1\" alt=\"Alke\" srcset=\"https:\/\/spitzbergen-adventures.com\/wp-content\/uploads\/2024\/09\/Alke.webp 1920w, https:\/\/spitzbergen-adventures.com\/wp-content\/uploads\/2024\/09\/Alke-300x169.webp 300w, https:\/\/spitzbergen-adventures.com\/wp-content\/uploads\/2024\/09\/Alke-1024x576.webp 1024w, https:\/\/spitzbergen-adventures.com\/wp-content\/uploads\/2024\/09\/Alke-768x432.webp 768w, https:\/\/spitzbergen-adventures.com\/wp-content\/uploads\/2024\/09\/Alke-1536x864.webp 1536w\" sizes=\"auto, (max-width: 1920px) 100vw, 1920px\" \/><\/a><\/figure>\n\n<h2 class=\"gb-headline gb-headline-3d0f872a gb-headline-text stormedium\"><a href=\"https:\/\/spitzbergen-adventures.com\/no\/fuglesafari\/\">Fuglesafari<\/a><\/h2>\n\n<div class=\"gb-headline gb-headline-b1fd3b34 gb-headline-text\">Fuglesafari Svalbards dyreliv med vinger Opplev den arktiske fuglekikkingens \u00e6refrykt denne sommeren, n\u00e5r trekkfuglene vender tilbake til Svalbard for \u00e5 &#8230;<\/div>\n\n<a class=\"gb-button gb-button-974f3328 gb-button-text\" href=\"https:\/\/spitzbergen-adventures.com\/no\/fuglesafari\/\">Mer informasjon<\/a>\n<\/div><\/div>\n\n<div class=\"gb-grid-column gb-grid-column-49fc27a2 gb-query-loop-item post-715 post type-post status-publish format-standard has-post-thumbnail hentry category-sommerturer tag-sightseeing-og-fotturer\"><div class=\"gb-container gb-container-49fc27a2\">\n<figure class=\"gb-block-image gb-block-image-a2296fed\"><a href=\"https:\/\/spitzbergen-adventures.com\/no\/sarkofagen\/\"><img loading=\"lazy\" decoding=\"async\" width=\"1960\" height=\"1098\" src=\"https:\/\/spitzbergen-adventures.com\/wp-content\/uploads\/2024\/09\/Spitzbergen-Adventures-Sarkofagen.jpg\" class=\"gb-image-a2296fed  aspectratio1-1\" alt=\"Spitzbergen Adventures Sarkofagen\" srcset=\"https:\/\/spitzbergen-adventures.com\/wp-content\/uploads\/2024\/09\/Spitzbergen-Adventures-Sarkofagen.jpg 1960w, https:\/\/spitzbergen-adventures.com\/wp-content\/uploads\/2024\/09\/Spitzbergen-Adventures-Sarkofagen-300x168.webp 300w, https:\/\/spitzbergen-adventures.com\/wp-content\/uploads\/2024\/09\/Spitzbergen-Adventures-Sarkofagen-1024x574.webp 1024w, https:\/\/spitzbergen-adventures.com\/wp-content\/uploads\/2024\/09\/Spitzbergen-Adventures-Sarkofagen-768x430.webp 768w, https:\/\/spitzbergen-adventures.com\/wp-content\/uploads\/2024\/09\/Spitzbergen-Adventures-Sarkofagen-1536x860.webp 1536w\" sizes=\"auto, (max-width: 1960px) 100vw, 1960px\" \/><\/a><\/figure>\n\n<h2 class=\"gb-headline gb-headline-3d0f872a gb-headline-text stormedium\"><a href=\"https:\/\/spitzbergen-adventures.com\/no\/sarkofagen\/\">Sarkofagen<\/a><\/h2>\n\n<div class=\"gb-headline gb-headline-b1fd3b34 gb-headline-text\">Sarkofagen Vandring gjennom isbreenes rike Legg ut p\u00e5 et uforglemmelig eventyr i Svalbards barske villmark med en fottur til toppen &#8230;<\/div>\n\n<a class=\"gb-button gb-button-974f3328 gb-button-text\" href=\"https:\/\/spitzbergen-adventures.com\/no\/sarkofagen\/\">Mer informasjon<\/a>\n<\/div><\/div>\n\n<div class=\"gb-grid-column gb-grid-column-49fc27a2 gb-query-loop-item post-1305 post type-post status-publish format-standard has-post-thumbnail hentry category-sommerturer tag-sightseeing-og-fotturer\"><div class=\"gb-container gb-container-49fc27a2\">\n<figure class=\"gb-block-image gb-block-image-a2296fed\"><a href=\"https:\/\/spitzbergen-adventures.com\/no\/platafjellet\/\"><img loading=\"lazy\" decoding=\"async\" width=\"1920\" height=\"1080\" src=\"https:\/\/spitzbergen-adventures.com\/wp-content\/uploads\/2025\/06\/Plateau-Mountain.webp\" class=\"gb-image-a2296fed  aspectratio1-1\" alt=\"Plateau Mountain\" srcset=\"https:\/\/spitzbergen-adventures.com\/wp-content\/uploads\/2025\/06\/Plateau-Mountain.webp 1920w, https:\/\/spitzbergen-adventures.com\/wp-content\/uploads\/2025\/06\/Plateau-Mountain-300x169.webp 300w, https:\/\/spitzbergen-adventures.com\/wp-content\/uploads\/2025\/06\/Plateau-Mountain-1024x576.webp 1024w, https:\/\/spitzbergen-adventures.com\/wp-content\/uploads\/2025\/06\/Plateau-Mountain-768x432.webp 768w, https:\/\/spitzbergen-adventures.com\/wp-content\/uploads\/2025\/06\/Plateau-Mountain-1536x864.webp 1536w\" sizes=\"auto, (max-width: 1920px) 100vw, 1920px\" \/><\/a><\/figure>\n\n<h2 class=\"gb-headline gb-headline-3d0f872a gb-headline-text stormedium\"><a href=\"https:\/\/spitzbergen-adventures.com\/no\/platafjellet\/\">Plat\u00e5fjellet<\/a><\/h2>\n\n<div class=\"gb-headline gb-headline-b1fd3b34 gb-headline-text\">Plat\u00e5fjellet Longyearbyen med utsikt Vi starter turen med en kj\u00f8retur opp til taubanestasjonen og de ikoniske taubanebukkene som en gang &#8230;<\/div>\n\n<a class=\"gb-button gb-button-974f3328 gb-button-text\" href=\"https:\/\/spitzbergen-adventures.com\/no\/platafjellet\/\">Mer informasjon<\/a>\n<\/div><\/div>\n\n<div class=\"gb-grid-column gb-grid-column-49fc27a2 gb-query-loop-item post-1216 post type-post status-publish format-standard has-post-thumbnail hentry category-sommerturer category-uncategorized-no tag-sightseeing-og-fotturer\"><div class=\"gb-container gb-container-49fc27a2\">\n<figure class=\"gb-block-image gb-block-image-a2296fed\"><a href=\"https:\/\/spitzbergen-adventures.com\/no\/bre-og-hvalrossafari\/\"><img loading=\"lazy\" decoding=\"async\" width=\"1920\" height=\"1080\" src=\"https:\/\/spitzbergen-adventures.com\/wp-content\/uploads\/2025\/01\/spitzbergen-20.webp\" class=\"gb-image-a2296fed  aspectratio1-1\" alt=\"Spitzbergen\" srcset=\"https:\/\/spitzbergen-adventures.com\/wp-content\/uploads\/2025\/01\/spitzbergen-20.webp 1920w, https:\/\/spitzbergen-adventures.com\/wp-content\/uploads\/2025\/01\/spitzbergen-20-300x169.webp 300w, https:\/\/spitzbergen-adventures.com\/wp-content\/uploads\/2025\/01\/spitzbergen-20-1024x576.webp 1024w, https:\/\/spitzbergen-adventures.com\/wp-content\/uploads\/2025\/01\/spitzbergen-20-768x432.webp 768w, https:\/\/spitzbergen-adventures.com\/wp-content\/uploads\/2025\/01\/spitzbergen-20-1536x864.webp 1536w\" sizes=\"auto, (max-width: 1920px) 100vw, 1920px\" \/><\/a><\/figure>\n\n<h2 class=\"gb-headline gb-headline-3d0f872a gb-headline-text stormedium\"><a href=\"https:\/\/spitzbergen-adventures.com\/no\/bre-og-hvalrossafari\/\">Bre- og hvalrossafari<\/a><\/h2>\n\n<div class=\"gb-headline gb-headline-b1fd3b34 gb-headline-text\">Bre- og hvalrossafari En uforglemmelig reise Bli med p\u00e5 en spennende fjordsafari med Spitzbergen Adventures, hvor du f\u00e5r muligheten til &#8230;<\/div>\n\n<a class=\"gb-button gb-button-974f3328 gb-button-text\" href=\"https:\/\/spitzbergen-adventures.com\/no\/bre-og-hvalrossafari\/\">Mer informasjon<\/a>\n<\/div><\/div>\n<\/div>\n\n<\/div>\n<\/div>","protected":false},"excerpt":{"rendered":"<p>Sommerturer<\/p>\n","protected":false},"author":1,"featured_media":0,"parent":0,"menu_order":0,"comment_status":"closed","ping_status":"closed","template":"","meta":{"_eb_attr":"","slim_seo":{"title":"Sommerturer - Spitzbergen Adventures AS","description":""},"footnotes":""},"class_list":["post-692","page","type-page","status-publish"],"_links":{"self":[{"href":"https:\/\/spitzbergen-adventures.com\/no\/wp-json\/wp\/v2\/pages\/692","targetHints":{"allow":["GET"]}}],"collection":[{"href":"https:\/\/spitzbergen-adventures.com\/no\/wp-json\/wp\/v2\/pages"}],"about":[{"href":"https:\/\/spitzbergen-adventures.com\/no\/wp-json\/wp\/v2\/types\/page"}],"author":[{"embeddable":true,"href":"https:\/\/spitzbergen-adventures.com\/no\/wp-json\/wp\/v2\/users\/1"}],"replies":[{"embeddable":true,"href":"https:\/\/spitzbergen-adventures.com\/no\/wp-json\/wp\/v2\/comments?post=692"}],"version-history":[{"count":2,"href":"https:\/\/spitzbergen-adventures.com\/no\/wp-json\/wp\/v2\/pages\/692\/revisions"}],"predecessor-version":[{"id":695,"href":"https:\/\/spitzbergen-adventures.com\/no\/wp-json\/wp\/v2\/pages\/692\/revisions\/695"}],"wp:attachment":[{"href":"https:\/\/spitzbergen-adventures.com\/no\/wp-json\/wp\/v2\/media?parent=692"}],"curies":[{"name":"wp","href":"https:\/\/api.w.org\/{rel}","templated":true}]}}