{"id":696,"date":"2024-09-27T10:50:45","date_gmt":"2024-09-27T08:50:45","guid":{"rendered":"https:\/\/spitzbergen-adventures.com\/vinterturer\/"},"modified":"2026-04-24T11:59:36","modified_gmt":"2026-04-24T09:59:36","slug":"vinterturer","status":"publish","type":"page","link":"https:\/\/spitzbergen-adventures.com\/no\/vinterturer\/","title":{"rendered":"Vinterturer"},"content":{"rendered":"\n<div class=\"wp-block-cover is-light\"><video class=\"wp-block-cover__video-background intrinsic-ignore\" autoplay muted loop playsinline src=\"https:\/\/spitzbergen-adventures.com\/wp-content\/uploads\/2026\/04\/SPAD26-generell-02-30sek.mp4\" data-object-fit=\"cover\"><\/video><span aria-hidden=\"true\" class=\"wp-block-cover__background has-background-dim-0 has-background-dim\" style=\"background-color:#FFF\"><\/span><div class=\"wp-block-cover__inner-container is-layout-constrained wp-block-cover-is-layout-constrained\"><div class=\"gb-container gb-container-b930e31e toppbunn5\">\n<div class=\"gb-container gb-container-184d6506\">\n<h1 class=\"gb-headline gb-headline-952a6917 gb-headline-text stor\">Vinterturer<\/h1>\n\n\n<a class=\"gb-button gb-button-e118415c gb-button-text btn-main floating-button\" href=\"https:\/\/spitzbergen-adventures.com\/no\/kontakt\/\" target=\"_blank\" rel=\"noopener noreferrer\">Kontakt<\/a>\n\n<\/div>\n<\/div><\/div><\/div>\n<div class=\"gb-container gb-container-000f243b toppbunn8\">\n<div class=\"gb-container gb-container-8a1225cf\">\n<div class=\"gb-container gb-container-6f35d3cd\"><a class=\"gb-container-link\" href=\"\/winter-tours\/snowmobile-tours\/\"><\/a>\n<div class=\"gb-container gb-container-05697283\">\n\n<figure class=\"gb-block-image gb-block-image-f1655b50\"><img loading=\"lazy\" decoding=\"async\" width=\"235\" height=\"140\" class=\"gb-image gb-image-f1655b50\" src=\"https:\/\/spitzbergen-adventures.com\/wp-content\/uploads\/2024\/09\/SpitzbergenAdventure_logosymbol_hvit.svg\" alt=\"Spitzbergenadventure Logosymbol Hvit\" title=\"SpitzbergenAdventure_logosymbol_hvit\"><\/figure>\n\n<\/div>\n\n<div class=\"gb-container gb-container-55ef0ee7\">\n\n<h2 class=\"gb-headline gb-headline-ffcd8810 gb-headline-text stormedium\">Sn\u00f8scooterturer<\/h2>\n\n\n\n<p class=\"has-base-3-color has-text-color has-link-color wp-elements-906d6b480925ae7f0c00af115ab349f5\">Opplev spenningen ved \u00e5 kj\u00f8re sn\u00f8scooter gjennom den arktiske villmarken!<\/p>\n\n\n\n<a class=\"gb-button gb-button-80976e6f gb-button-text btn-no-bg\" href=\"https:\/\/spitzbergen-adventures.com\/no\/vinterturer\/snoscooterturer\/\">Mer informasjon<\/a>\n\n<\/div>\n<\/div>\n\n<div class=\"gb-container gb-container-2867a03d\"><a class=\"gb-container-link\" href=\"\/winter-tours\/sightseeing-hiking\/\"><\/a>\n<div class=\"gb-container gb-container-ba39924b\">\n\n<figure class=\"gb-block-image gb-block-image-0f0ef892\"><img loading=\"lazy\" decoding=\"async\" width=\"235\" height=\"140\" class=\"gb-image gb-image-0f0ef892\" src=\"https:\/\/spitzbergen-adventures.com\/wp-content\/uploads\/2024\/09\/SpitzbergenAdventure_logosymbol_hvit.svg\" alt=\"Spitzbergenadventure Logosymbol Hvit\" title=\"SpitzbergenAdventure_logosymbol_hvit\"><\/figure>\n\n<\/div>\n\n<div class=\"gb-container gb-container-94000a89\">\n\n<h2 class=\"gb-headline gb-headline-c49a1e70 gb-headline-text stormedium\">Sightseeing og fotturer<\/h2>\n\n\n\n<p class=\"has-base-3-color has-text-color has-link-color wp-elements-cb29837d226ff83e7247bd2a27d47959\">Oppdag Svalbards fantastiske skj\u00f8nnhet med v\u00e5re sightseeing- og fotturer!<\/p>\n\n\n\n<a class=\"gb-button gb-button-31b130b6 gb-button-text btn-no-bg\" href=\"https:\/\/spitzbergen-adventures.com\/no\/vinterturer\/sightseeing-og-fotturer\/\">Mer informasjon<\/a>\n\n<\/div>\n<\/div>\n<\/div>\n<\/div>","protected":false},"excerpt":{"rendered":"<p>Sn\u00f8scooterturer Opplev spenningen ved \u00e5 kj\u00f8re sn\u00f8scooter gjennom den arktiske villmarken! Sightseeing og fotturer Oppdag Svalbards fantastiske skj\u00f8nnhet med v\u00e5re &#8230; <a title=\"Vinterturer\" class=\"read-more\" href=\"https:\/\/spitzbergen-adventures.com\/no\/vinterturer\/\" aria-label=\"Read more about Vinterturer\">Les mer<\/a><\/p>\n","protected":false},"author":1,"featured_media":0,"parent":0,"menu_order":0,"comment_status":"closed","ping_status":"closed","template":"","meta":{"_eb_attr":"","slim_seo":{"title":"Vinterturer - Spitzbergen Adventures AS","description":""},"footnotes":""},"class_list":["post-696","page","type-page","status-publish"],"_links":{"self":[{"href":"https:\/\/spitzbergen-adventures.com\/no\/wp-json\/wp\/v2\/pages\/696","targetHints":{"allow":["GET"]}}],"collection":[{"href":"https:\/\/spitzbergen-adventures.com\/no\/wp-json\/wp\/v2\/pages"}],"about":[{"href":"https:\/\/spitzbergen-adventures.com\/no\/wp-json\/wp\/v2\/types\/page"}],"author":[{"embeddable":true,"href":"https:\/\/spitzbergen-adventures.com\/no\/wp-json\/wp\/v2\/users\/1"}],"replies":[{"embeddable":true,"href":"https:\/\/spitzbergen-adventures.com\/no\/wp-json\/wp\/v2\/comments?post=696"}],"version-history":[{"count":11,"href":"https:\/\/spitzbergen-adventures.com\/no\/wp-json\/wp\/v2\/pages\/696\/revisions"}],"predecessor-version":[{"id":1661,"href":"https:\/\/spitzbergen-adventures.com\/no\/wp-json\/wp\/v2\/pages\/696\/revisions\/1661"}],"wp:attachment":[{"href":"https:\/\/spitzbergen-adventures.com\/no\/wp-json\/wp\/v2\/media?parent=696"}],"curies":[{"name":"wp","href":"https:\/\/api.w.org\/{rel}","templated":true}]}}