{"id":850,"date":"2024-10-01T10:54:22","date_gmt":"2024-10-01T08:54:22","guid":{"rendered":"https:\/\/spitzbergen-adventures.com\/?page_id=850"},"modified":"2024-10-14T13:16:03","modified_gmt":"2024-10-14T11:16:03","slug":"tommys-lodge","status":"publish","type":"page","link":"https:\/\/spitzbergen-adventures.com\/no\/overnatting\/tommys-lodge\/","title":{"rendered":"Tommy&#8217;s Lodge"},"content":{"rendered":"<div class=\"gb-container gb-container-b930e31e toppbunn5\">\n<div class=\"gb-container gb-container-4e029fdc\">\n<h1 class=\"gb-headline gb-headline-2049d0a9 gb-headline-text stor\">Tommy&#8217;s Lodge<\/h1>\n\n\n<a class=\"gb-button gb-button-4a4dc642 gb-button-text btn-main floating-button\" href=\"https:\/\/spitzbergen-adventures.com\/no\/kontakt\/\">Booking<\/a>\n\n<\/div>\n<\/div>\n\n<div class=\"gb-container gb-container-80bf8e25 toppbunn5\" id=\"tourdetails\">\n<div class=\"gb-container gb-container-0694cfc0\">\n<div class=\"gb-container gb-container-7ac45a71\">\n<div class=\"gb-container gb-container-f27fee6d\">\n\n<p>Tommy\u2019s Lodge ligger kun 2,5 km fra Svalbard kirke og kun 1,2 km fra det fascinerende Svalbardmuseet, og tilbyr den perfekte basen for ditt arktiske eventyr i Longyearbyen. Dette koselige overnattingsstedet kan skilte med en fantastisk fjellutsikt, som fordyper deg i de fantastiske naturomgivelsene p\u00e5 Svalbard. Hold deg tilkoblet med gratis Wi-Fi tilgjengelig p\u00e5 hele eiendommen, slik at du kan dele den utrolige opplevelsen din med venner og familie.<\/p>\n\n<\/div>\n\n<div class=\"gb-container gb-container-a7d94bb7\">\n\n<p>Svalbard lufthavn ligger praktisk til kun 5 km unna, noe som gj\u00f8r det enkelt \u00e5 n\u00e5 din arktiske destinasjon. Enten du er p\u00e5 bes\u00f8k for et eventyr som er en gang i livet eller et avslappende tilfluktssted, gir Tommy\u2019s Lodge komfort og bekvemmelighet i hjertet av Svalbard. Bestill ditt opphold i dag og opplev magien i Arktis!<\/p>\n\n<\/div>\n<\/div>\n\n<div class=\"gb-container gb-container-9a9b86d2\">\n\n<a class=\"gb-button gb-button-75c5436e gb-button-text btn-main\" href=\"https:\/\/spitzbergen-adventures.com\/no\/kontakt\/\">Booking<\/a>\n\n<\/div>\n<\/div>\n<\/div>\n\n<div class=\"gb-container gb-container-0640f90e toppbunn5\">\n<div class=\"gb-container gb-container-02978e74\">\n\n<h2 class=\"gb-headline gb-headline-9d949a8f gb-headline-text stormedium\"><em>Fasiliteter<\/em> p\u00e5 Tommy&#8217;s Lodge<\/h2>\n\n\n<div class=\"gb-grid-wrapper gb-grid-wrapper-f25b9f78\">\n<div class=\"gb-grid-column gb-grid-column-b35993bf\"><div class=\"gb-container gb-container-b35993bf\">\n\n<p class=\"gb-headline gb-headline-937ac1b2 gb-headline-text mediumliten\">Baderom<\/p>\n\n\n\n<p class=\"gb-headline gb-headline-a6a18344 gb-headline-text\">Toalettpapir<br>T\u00f8fler<br>Toalett<\/p>\n\n<\/div><\/div>\n\n<div class=\"gb-grid-column gb-grid-column-39744a1a\"><div class=\"gb-container gb-container-39744a1a\">\n\n<p class=\"gb-headline gb-headline-a5adb46f gb-headline-text mediumliten\">Utsikt<\/p>\n\n\n\n<p class=\"gb-headline gb-headline-d232a1a8 gb-headline-text\">Fjellutsikt<\/p>\n\n<\/div><\/div>\n\n<div class=\"gb-grid-column gb-grid-column-e029f8c0\"><div class=\"gb-container gb-container-e029f8c0\">\n\n<p class=\"gb-headline gb-headline-23e0864c gb-headline-text mediumliten\">Kj\u00f8kken<\/p>\n\n\n\n<p class=\"gb-headline gb-headline-5e98ef27 gb-headline-text\">Spisebord<br>Vannkoker<\/p>\n\n<\/div><\/div>\n\n<div class=\"gb-grid-column gb-grid-column-50325e6b\"><div class=\"gb-container gb-container-50325e6b\">\n\n<p class=\"gb-headline gb-headline-be0108f8 gb-headline-text mediumliten\">Romfasiliteter<\/p>\n\n\n\n<p class=\"gb-headline gb-headline-5b6e168b gb-headline-text\">Stikkontakt n\u00e6r sengen<\/p>\n\n<\/div><\/div>\n\n<div class=\"gb-grid-column gb-grid-column-8a5c0761\"><div class=\"gb-container gb-container-8a5c0761\">\n\n<p class=\"gb-headline gb-headline-94f76c99 gb-headline-text mediumliten\">Kj\u00e6ledyr<\/p>\n\n\n\n<p class=\"gb-headline gb-headline-d5c061d3 gb-headline-text\">Kj\u00e6ledyr er tillatt p\u00e5 foresp\u00f8rsel.\nIngen ekstra kostnader <\/p>\n\n<\/div><\/div>\n\n<div class=\"gb-grid-column gb-grid-column-dd4a8861\"><div class=\"gb-container gb-container-dd4a8861\">\n\n<p class=\"gb-headline gb-headline-fceb7fdd gb-headline-text mediumliten\">Internett<\/p>\n\n\n\n<p class=\"gb-headline gb-headline-3fa9e764 gb-headline-text\">Wi-Fi er gratis tilgjengelig p\u00e5 hele eiendommen<\/p>\n\n<\/div><\/div>\n\n<div class=\"gb-grid-column gb-grid-column-5b16a9ba\"><div class=\"gb-container gb-container-5b16a9ba\">\n\n<p class=\"gb-headline gb-headline-d1a016eb gb-headline-text mediumliten\">Parkering<\/p>\n\n\n\n<p class=\"gb-headline gb-headline-2af9eb74 gb-headline-text\">Ingen parkering tilgjengelig.<\/p>\n\n<\/div><\/div>\n\n<div class=\"gb-grid-column gb-grid-column-dfe58b55\"><div class=\"gb-container gb-container-dfe58b55\">\n\n<p class=\"gb-headline gb-headline-d77e7710 gb-headline-text mediumliten\">Tjenester<\/p>\n\n\n\n<p class=\"gb-headline gb-headline-1faabd23 gb-headline-text\">Flyplasstransport<\/p>\n\n<\/div><\/div>\n\n<div class=\"gb-grid-column gb-grid-column-a896c171\"><div class=\"gb-container gb-container-a896c171\">\n\n<p class=\"gb-headline gb-headline-d064906a gb-headline-text mediumliten\">Generelt<\/p>\n\n\n\n<p class=\"gb-headline gb-headline-facb9f05 gb-headline-text\">R\u00f8ykfritt overalt<br>Egen inngang<br>Varmeapparat<br>R\u00f8ykfrie rom<\/p>\n\n<\/div><\/div>\n\n<div class=\"gb-grid-column gb-grid-column-6501076e\"><div class=\"gb-container gb-container-6501076e\">\n\n<p class=\"gb-headline gb-headline-8872f550 gb-headline-text mediumliten\">Tilgjengelighet<\/p>\n\n\n\n<p class=\"gb-headline gb-headline-f5184874 gb-headline-text\">Hele enheten ligger i f\u00f8rste etasje<\/p>\n\n<\/div><\/div>\n\n<div class=\"gb-grid-column gb-grid-column-2b394200\"><div class=\"gb-container gb-container-2b394200\">\n\n<p class=\"gb-headline gb-headline-bf70eec9 gb-headline-text mediumliten\">Spr\u00e5k som snakkes<\/p>\n\n\n\n<p class=\"gb-headline gb-headline-188e8d04 gb-headline-text\">Engelsk<\/p>\n\n<\/div><\/div>\n<\/div>\n<\/div>\n<\/div>\n\n\n<figure class=\"gb-block-image gb-block-image-be9bf5b7\"><img loading=\"lazy\" decoding=\"async\" width=\"1280\" height=\"853\" class=\"gb-image gb-image-be9bf5b7\" src=\"https:\/\/spitzbergen-adventures.com\/wp-content\/uploads\/2024\/10\/Spitzbergen_Tommys_Lodge_2-jpg.webp\" alt=\"Spitzbergen Tommys Lodge 2\" title=\"Spitzbergen_Tommys_Lodge_2\" srcset=\"https:\/\/spitzbergen-adventures.com\/wp-content\/uploads\/2024\/10\/Spitzbergen_Tommys_Lodge_2-jpg.webp 1280w, https:\/\/spitzbergen-adventures.com\/wp-content\/uploads\/2024\/10\/Spitzbergen_Tommys_Lodge_2-300x200.webp 300w, https:\/\/spitzbergen-adventures.com\/wp-content\/uploads\/2024\/10\/Spitzbergen_Tommys_Lodge_2-1024x682.webp 1024w, https:\/\/spitzbergen-adventures.com\/wp-content\/uploads\/2024\/10\/Spitzbergen_Tommys_Lodge_2-768x512.webp 768w\" sizes=\"auto, (max-width: 1280px) 100vw, 1280px\" \/><\/figure>\n\n\n<div class=\"gb-container gb-container-ec4841ba toppbunn5\">\n<div class=\"gb-container gb-container-fd978a2f\">\n\n<h2 class=\"gb-headline gb-headline-dc9d715f gb-headline-text stormedium\">Galleri<\/h2>\n\n\n<div class=\"gb-container gb-container-b6846e32\">\n\n<div class=\"wp-block-image-gallery-block-image-gallery-block\"><div class=\"eb-parent-wrapper eb-parent-eb-image-gallery-h9dpf \"><div class=\"eb-gallery-img-wrapper eb-image-gallery-h9dpf grid overlay-bottom caption-style-0   no-isotope \" data-id=\"eb-image-gallery-h9dpf\"><a href=\"https:\/\/spitzbergen-adventures.com\/wp-content\/uploads\/2024\/10\/Tommys-Lodge-1-jpg.webp\" rel=\"noopener\" data-fslightbox=\"gallery\" data-type=\"image\" class=\"eb-gallery-img-content eb-filter-img-\"><span class=\"eb-gallery-link-wrapper\"><img decoding=\"async\" class=\"eb-gallery-img\" src=\"https:\/\/spitzbergen-adventures.com\/wp-content\/uploads\/2024\/10\/Tommys-Lodge-1-jpg.webp\" image-index=\"0\" alt=\"Tommys Lodge 1\"\/><\/span><\/a><a href=\"https:\/\/spitzbergen-adventures.com\/wp-content\/uploads\/2024\/10\/Tommys-Lodge-2-jpg.webp\" rel=\"noopener\" data-fslightbox=\"gallery\" data-type=\"image\" class=\"eb-gallery-img-content eb-filter-img-\"><span class=\"eb-gallery-link-wrapper\"><img decoding=\"async\" class=\"eb-gallery-img\" src=\"https:\/\/spitzbergen-adventures.com\/wp-content\/uploads\/2024\/10\/Tommys-Lodge-2-jpg.webp\" image-index=\"1\" alt=\"Tommys Lodge 2\"\/><\/span><\/a><a href=\"https:\/\/spitzbergen-adventures.com\/wp-content\/uploads\/2024\/10\/Tommys-Lodge-3-jpg.webp\" rel=\"noopener\" data-fslightbox=\"gallery\" data-type=\"image\" class=\"eb-gallery-img-content eb-filter-img-\"><span class=\"eb-gallery-link-wrapper\"><img decoding=\"async\" class=\"eb-gallery-img\" src=\"https:\/\/spitzbergen-adventures.com\/wp-content\/uploads\/2024\/10\/Tommys-Lodge-3-jpg.webp\" image-index=\"2\" alt=\"Tommys Lodge 3\"\/><\/span><\/a><a href=\"https:\/\/spitzbergen-adventures.com\/wp-content\/uploads\/2024\/10\/Tommys-Lodge-4-jpg.webp\" rel=\"noopener\" data-fslightbox=\"gallery\" data-type=\"image\" class=\"eb-gallery-img-content eb-filter-img-\"><span class=\"eb-gallery-link-wrapper\"><img decoding=\"async\" class=\"eb-gallery-img\" src=\"https:\/\/spitzbergen-adventures.com\/wp-content\/uploads\/2024\/10\/Tommys-Lodge-4-jpg.webp\" image-index=\"3\" alt=\"Tommys Lodge 4\"\/><\/span><\/a><a href=\"https:\/\/spitzbergen-adventures.com\/wp-content\/uploads\/2024\/10\/Tommys-Lodge-5-jpg.webp\" rel=\"noopener\" data-fslightbox=\"gallery\" data-type=\"image\" class=\"eb-gallery-img-content eb-filter-img-\"><span class=\"eb-gallery-link-wrapper\"><img decoding=\"async\" class=\"eb-gallery-img\" src=\"https:\/\/spitzbergen-adventures.com\/wp-content\/uploads\/2024\/10\/Tommys-Lodge-5-jpg.webp\" image-index=\"4\" alt=\"Tommys Lodge 5\"\/><\/span><\/a><a href=\"https:\/\/spitzbergen-adventures.com\/wp-content\/uploads\/2024\/10\/Tommys-Lodge-6-jpg.webp\" rel=\"noopener\" data-fslightbox=\"gallery\" data-type=\"image\" class=\"eb-gallery-img-content eb-filter-img-\"><span class=\"eb-gallery-link-wrapper\"><img decoding=\"async\" class=\"eb-gallery-img\" src=\"https:\/\/spitzbergen-adventures.com\/wp-content\/uploads\/2024\/10\/Tommys-Lodge-6-jpg.webp\" image-index=\"5\" alt=\"Tommys Lodge 6\"\/><\/span><\/a><a href=\"https:\/\/spitzbergen-adventures.com\/wp-content\/uploads\/2024\/10\/Tommys-Lodge-7-jpg.webp\" rel=\"noopener\" data-fslightbox=\"gallery\" data-type=\"image\" class=\"eb-gallery-img-content eb-filter-img-\"><span class=\"eb-gallery-link-wrapper\"><img decoding=\"async\" class=\"eb-gallery-img\" src=\"https:\/\/spitzbergen-adventures.com\/wp-content\/uploads\/2024\/10\/Tommys-Lodge-7-jpg.webp\" image-index=\"6\" alt=\"Tommys Lodge 7\"\/><\/span><\/a><a href=\"https:\/\/spitzbergen-adventures.com\/wp-content\/uploads\/2024\/10\/Tommys-Lodge-8-jpg.webp\" rel=\"noopener\" data-fslightbox=\"gallery\" data-type=\"image\" class=\"eb-gallery-img-content eb-filter-img-\"><span class=\"eb-gallery-link-wrapper\"><img decoding=\"async\" class=\"eb-gallery-img\" src=\"https:\/\/spitzbergen-adventures.com\/wp-content\/uploads\/2024\/10\/Tommys-Lodge-8-jpg.webp\" image-index=\"7\" alt=\"Tommys Lodge 8\"\/><\/span><\/a><a href=\"https:\/\/spitzbergen-adventures.com\/wp-content\/uploads\/2024\/10\/Tommys-Lodge-9-jpg.webp\" rel=\"noopener\" data-fslightbox=\"gallery\" data-type=\"image\" class=\"eb-gallery-img-content eb-filter-img-\"><span class=\"eb-gallery-link-wrapper\"><img decoding=\"async\" class=\"eb-gallery-img\" src=\"https:\/\/spitzbergen-adventures.com\/wp-content\/uploads\/2024\/10\/Tommys-Lodge-9-jpg.webp\" image-index=\"8\" alt=\"Tommys Lodge 9\"\/><\/span><\/a><a href=\"https:\/\/spitzbergen-adventures.com\/wp-content\/uploads\/2024\/10\/Tommys-Lodge-10-jpg.webp\" rel=\"noopener\" data-fslightbox=\"gallery\" data-type=\"image\" class=\"eb-gallery-img-content eb-filter-img-\"><span class=\"eb-gallery-link-wrapper\"><img decoding=\"async\" class=\"eb-gallery-img\" src=\"https:\/\/spitzbergen-adventures.com\/wp-content\/uploads\/2024\/10\/Tommys-Lodge-10-jpg.webp\" image-index=\"9\" alt=\"Tommys Lodge 10\"\/><\/span><\/a><a href=\"https:\/\/spitzbergen-adventures.com\/wp-content\/uploads\/2024\/10\/Tommys-Lodge-11-jpg.webp\" rel=\"noopener\" data-fslightbox=\"gallery\" data-type=\"image\" class=\"eb-gallery-img-content eb-filter-img-\"><span class=\"eb-gallery-link-wrapper\"><img decoding=\"async\" class=\"eb-gallery-img\" src=\"https:\/\/spitzbergen-adventures.com\/wp-content\/uploads\/2024\/10\/Tommys-Lodge-11-jpg.webp\" image-index=\"10\" alt=\"Tommys Lodge 11\"\/><\/span><\/a><a href=\"https:\/\/spitzbergen-adventures.com\/wp-content\/uploads\/2024\/10\/Tommys-Lodge-12-jpg.webp\" rel=\"noopener\" data-fslightbox=\"gallery\" data-type=\"image\" class=\"eb-gallery-img-content eb-filter-img-\"><span class=\"eb-gallery-link-wrapper\"><img decoding=\"async\" class=\"eb-gallery-img\" src=\"https:\/\/spitzbergen-adventures.com\/wp-content\/uploads\/2024\/10\/Tommys-Lodge-12-jpg.webp\" image-index=\"11\" alt=\"Tommys Lodge 12\"\/><\/span><\/a><a href=\"https:\/\/spitzbergen-adventures.com\/wp-content\/uploads\/2024\/10\/Tommys-Lodge-13-jpg.webp\" rel=\"noopener\" data-fslightbox=\"gallery\" data-type=\"image\" class=\"eb-gallery-img-content eb-filter-img-\"><span class=\"eb-gallery-link-wrapper\"><img decoding=\"async\" class=\"eb-gallery-img\" src=\"https:\/\/spitzbergen-adventures.com\/wp-content\/uploads\/2024\/10\/Tommys-Lodge-13-jpg.webp\" image-index=\"12\" alt=\"Tommys Lodge 13\"\/><\/span><\/a><a href=\"https:\/\/spitzbergen-adventures.com\/wp-content\/uploads\/2024\/10\/Tommys-Lodge-14-jpg.webp\" rel=\"noopener\" data-fslightbox=\"gallery\" data-type=\"image\" class=\"eb-gallery-img-content eb-filter-img-\"><span class=\"eb-gallery-link-wrapper\"><img decoding=\"async\" class=\"eb-gallery-img\" src=\"https:\/\/spitzbergen-adventures.com\/wp-content\/uploads\/2024\/10\/Tommys-Lodge-14-jpg.webp\" image-index=\"13\" alt=\"Tommys Lodge 14\"\/><\/span><\/a><a href=\"https:\/\/spitzbergen-adventures.com\/wp-content\/uploads\/2024\/10\/Tommys-Lodge-15-jpg.webp\" rel=\"noopener\" data-fslightbox=\"gallery\" data-type=\"image\" class=\"eb-gallery-img-content eb-filter-img-\"><span class=\"eb-gallery-link-wrapper\"><img decoding=\"async\" class=\"eb-gallery-img\" src=\"https:\/\/spitzbergen-adventures.com\/wp-content\/uploads\/2024\/10\/Tommys-Lodge-15-jpg.webp\" image-index=\"14\" alt=\"Tommys Lodge 15\"\/><\/span><\/a><a href=\"https:\/\/spitzbergen-adventures.com\/wp-content\/uploads\/2024\/10\/Tommys-Lodge-16-jpg.webp\" rel=\"noopener\" data-fslightbox=\"gallery\" data-type=\"image\" class=\"eb-gallery-img-content eb-filter-img-\"><span class=\"eb-gallery-link-wrapper\"><img decoding=\"async\" class=\"eb-gallery-img\" src=\"https:\/\/spitzbergen-adventures.com\/wp-content\/uploads\/2024\/10\/Tommys-Lodge-16-jpg.webp\" image-index=\"15\" alt=\"Tommys Lodge 16\"\/><\/span><\/a><a href=\"https:\/\/spitzbergen-adventures.com\/wp-content\/uploads\/2024\/10\/Tommys-Lodge-17-jpg.webp\" rel=\"noopener\" data-fslightbox=\"gallery\" data-type=\"image\" class=\"eb-gallery-img-content eb-filter-img-\"><span class=\"eb-gallery-link-wrapper\"><img decoding=\"async\" class=\"eb-gallery-img\" src=\"https:\/\/spitzbergen-adventures.com\/wp-content\/uploads\/2024\/10\/Tommys-Lodge-17-jpg.webp\" image-index=\"16\" alt=\"Tommys Lodge 17\"\/><\/span><\/a><a href=\"https:\/\/spitzbergen-adventures.com\/wp-content\/uploads\/2024\/10\/Tommys-Lodge-19-jpg.webp\" rel=\"noopener\" data-fslightbox=\"gallery\" data-type=\"image\" class=\"eb-gallery-img-content eb-filter-img-\"><span class=\"eb-gallery-link-wrapper\"><img decoding=\"async\" class=\"eb-gallery-img\" src=\"https:\/\/spitzbergen-adventures.com\/wp-content\/uploads\/2024\/10\/Tommys-Lodge-19-jpg.webp\" image-index=\"17\" alt=\"Tommys Lodge 19\"\/><\/span><\/a><a href=\"https:\/\/spitzbergen-adventures.com\/wp-content\/uploads\/2024\/10\/Tommys-Lodge-20-jpg.webp\" rel=\"noopener\" data-fslightbox=\"gallery\" data-type=\"image\" class=\"eb-gallery-img-content eb-filter-img-\"><span class=\"eb-gallery-link-wrapper\"><img decoding=\"async\" class=\"eb-gallery-img\" src=\"https:\/\/spitzbergen-adventures.com\/wp-content\/uploads\/2024\/10\/Tommys-Lodge-20-jpg.webp\" image-index=\"18\" alt=\"Tommys Lodge 20\"\/><\/span><\/a><a href=\"https:\/\/spitzbergen-adventures.com\/wp-content\/uploads\/2024\/10\/Tommys-Lodge-21-jpg.webp\" rel=\"noopener\" data-fslightbox=\"gallery\" data-type=\"image\" class=\"eb-gallery-img-content eb-filter-img-\"><span class=\"eb-gallery-link-wrapper\"><img decoding=\"async\" class=\"eb-gallery-img\" src=\"https:\/\/spitzbergen-adventures.com\/wp-content\/uploads\/2024\/10\/Tommys-Lodge-21-jpg.webp\" image-index=\"19\" alt=\"Tommys Lodge 21\"\/><\/span><\/a><\/div><\/div><\/div>\n\n<\/div>\n<\/div>\n<\/div>","protected":false},"excerpt":{"rendered":"<p>Tommy&#8217;s Lodge Tommy\u2019s Lodge ligger kun 2,5 km fra Svalbard kirke og kun 1,2 km fra det fascinerende Svalbardmuseet, og &#8230; <a title=\"Tommy&#8217;s Lodge\" class=\"read-more\" href=\"https:\/\/spitzbergen-adventures.com\/no\/overnatting\/tommys-lodge\/\" aria-label=\"Read more about Tommy&#8217;s Lodge\">Les mer<\/a><\/p>\n","protected":false},"author":1,"featured_media":0,"parent":845,"menu_order":0,"comment_status":"closed","ping_status":"closed","template":"","meta":{"_eb_attr":"","slim_seo":{"title":"Tommy's Lodge - Spitzbergen Adventures AS","description":""},"footnotes":""},"class_list":["post-850","page","type-page","status-publish"],"_links":{"self":[{"href":"https:\/\/spitzbergen-adventures.com\/no\/wp-json\/wp\/v2\/pages\/850","targetHints":{"allow":["GET"]}}],"collection":[{"href":"https:\/\/spitzbergen-adventures.com\/no\/wp-json\/wp\/v2\/pages"}],"about":[{"href":"https:\/\/spitzbergen-adventures.com\/no\/wp-json\/wp\/v2\/types\/page"}],"author":[{"embeddable":true,"href":"https:\/\/spitzbergen-adventures.com\/no\/wp-json\/wp\/v2\/users\/1"}],"replies":[{"embeddable":true,"href":"https:\/\/spitzbergen-adventures.com\/no\/wp-json\/wp\/v2\/comments?post=850"}],"version-history":[{"count":9,"href":"https:\/\/spitzbergen-adventures.com\/no\/wp-json\/wp\/v2\/pages\/850\/revisions"}],"predecessor-version":[{"id":1116,"href":"https:\/\/spitzbergen-adventures.com\/no\/wp-json\/wp\/v2\/pages\/850\/revisions\/1116"}],"up":[{"embeddable":true,"href":"https:\/\/spitzbergen-adventures.com\/no\/wp-json\/wp\/v2\/pages\/845"}],"wp:attachment":[{"href":"https:\/\/spitzbergen-adventures.com\/no\/wp-json\/wp\/v2\/media?parent=850"}],"curies":[{"name":"wp","href":"https:\/\/api.w.org\/{rel}","templated":true}]}}