{"id":886,"date":"2024-10-07T15:04:51","date_gmt":"2024-10-07T13:04:51","guid":{"rendered":"https:\/\/spitzbergen-adventures.com\/?page_id=886"},"modified":"2024-10-14T11:09:11","modified_gmt":"2024-10-14T09:09:11","slug":"discover-lodge","status":"publish","type":"page","link":"https:\/\/spitzbergen-adventures.com\/no\/overnatting\/discover-lodge\/","title":{"rendered":"Discover Lodge"},"content":{"rendered":"<div class=\"gb-container gb-container-b930e31e toppbunn5\">\n<div class=\"gb-container gb-container-4e029fdc\">\n<h1 class=\"gb-headline gb-headline-2049d0a9 gb-headline-text stor\">Discover Lodge<\/h1>\n\n\n<a class=\"gb-button gb-button-4a4dc642 gb-button-text btn-main floating-button\" href=\"https:\/\/spitzbergen-adventures.com\/no\/kontakt\/\">Booking<\/a>\n\n<\/div>\n<\/div>\n\n<div class=\"gb-container gb-container-80bf8e25 toppbunn5\" id=\"tourdetails\">\n<div class=\"gb-container gb-container-0694cfc0\">\n<div class=\"gb-container gb-container-7ac45a71\">\n<div class=\"gb-container gb-container-f27fee6d\">\n\n<p>Opplev den unike sjarmen til Discover Lodge, en koselig hytte som ligger ved en huskyfarm som har plass til opptil 6 personer. Hvis du leter etter et uforglemmelig eventyr ulikt noe du har opplevd f\u00f8r, er dette stedet for deg! Hytta tilbyr et unikt, rustikk tilfluktssted med en eksklusiv beliggenhet, hvor du virkelig kan fordype deg i skj\u00f8nnheten i arktisk natur.<\/p>\n\n<\/div>\n\n<div class=\"gb-container gb-container-a7d94bb7\">\n\n<p>Hold deg n\u00e6r Longyearbyen mens du nyter stillheten av \u00e5 v\u00e6re omgitt av uber\u00f8rt villmark. Discover Lodge gir den perfekte balansen mellom komfort og natur, og sikrer et minneverdig opphold. S\u00f8rg for \u00e5 lese alle detaljene n\u00f8ye f\u00f8r du bestiller, og ikke glem \u00e5 sjekke ut de str\u00e5lende anmeldelsene fra v\u00e5re forn\u00f8yde gjester!<\/p>\n\n<\/div>\n<\/div>\n\n<div class=\"gb-container gb-container-9a9b86d2\">\n\n<a class=\"gb-button gb-button-75c5436e gb-button-text btn-main\" href=\"https:\/\/spitzbergen-adventures.com\/no\/kontakt\/\">Booking<\/a>\n\n<\/div>\n<\/div>\n<\/div>\n\n<div class=\"gb-container gb-container-0640f90e toppbunn5\">\n<div class=\"gb-container gb-container-02978e74\">\n\n<h2 class=\"gb-headline gb-headline-9d949a8f gb-headline-text stormedium\"><em>Fasiliteter<\/em> p\u00e5 Discover Lodge<\/h2>\n\n\n<div class=\"gb-grid-wrapper gb-grid-wrapper-f25b9f78\">\n<div class=\"gb-grid-column gb-grid-column-b35993bf\"><div class=\"gb-container gb-container-b35993bf\">\n\n<p class=\"gb-headline gb-headline-937ac1b2 gb-headline-text mediumliten\">Baderom<\/p>\n\n\n\n<p class=\"gb-headline gb-headline-5a4ada84 gb-headline-text\">T\u00f8rr-toalett<\/p>\n\n<\/div><\/div>\n\n<div class=\"gb-grid-column gb-grid-column-39744a1a\"><div class=\"gb-container gb-container-39744a1a\">\n\n<p class=\"gb-headline gb-headline-a5adb46f gb-headline-text mediumliten\">Utsikt<\/p>\n\n\n\n<p class=\"gb-headline gb-headline-dc38dd66 gb-headline-text\">Fjellutsikt<\/p>\n\n<\/div><\/div>\n\n<div class=\"gb-grid-column gb-grid-column-e029f8c0\"><div class=\"gb-container gb-container-e029f8c0\">\n\n<p class=\"gb-headline gb-headline-23e0864c gb-headline-text mediumliten\">Kj\u00f8kken<\/p>\n\n\n\n<p class=\"gb-headline gb-headline-aa1894cf gb-headline-text\">Elektrisk vannkoker<br>Vannforsyning<\/p>\n\n<\/div><\/div>\n\n<div class=\"gb-grid-column gb-grid-column-50325e6b\"><div class=\"gb-container gb-container-50325e6b\">\n\n<p class=\"gb-headline gb-headline-be0108f8 gb-headline-text mediumliten\">Senger<\/p>\n\n\n\n<p class=\"gb-headline gb-headline-fc91278f gb-headline-text\">3<\/p>\n\n<\/div><\/div>\n<\/div>\n<\/div>\n<\/div>\n\n\n<figure class=\"gb-block-image gb-block-image-be9bf5b7\"><img loading=\"lazy\" decoding=\"async\" width=\"1280\" height=\"853\" class=\"gb-image gb-image-be9bf5b7\" src=\"https:\/\/spitzbergen-adventures.com\/wp-content\/uploads\/2024\/10\/Spitzbergen_Tommys_Lodge_2-jpg.webp\" alt=\"Spitzbergen Tommys Lodge 2\" title=\"Spitzbergen_Tommys_Lodge_2\" srcset=\"https:\/\/spitzbergen-adventures.com\/wp-content\/uploads\/2024\/10\/Spitzbergen_Tommys_Lodge_2-jpg.webp 1280w, https:\/\/spitzbergen-adventures.com\/wp-content\/uploads\/2024\/10\/Spitzbergen_Tommys_Lodge_2-300x200.webp 300w, https:\/\/spitzbergen-adventures.com\/wp-content\/uploads\/2024\/10\/Spitzbergen_Tommys_Lodge_2-1024x682.webp 1024w, https:\/\/spitzbergen-adventures.com\/wp-content\/uploads\/2024\/10\/Spitzbergen_Tommys_Lodge_2-768x512.webp 768w\" sizes=\"auto, (max-width: 1280px) 100vw, 1280px\" \/><\/figure>\n\n\n<div class=\"gb-container gb-container-ec4841ba toppbunn5\">\n<div class=\"gb-container gb-container-fd978a2f\">\n\n<h2 class=\"gb-headline gb-headline-dc9d715f gb-headline-text stormedium\">Galleri<\/h2>\n\n\n<div class=\"gb-container gb-container-b6846e32\">\n\n<div class=\"wp-block-image-gallery-block-image-gallery-block\"><div class=\"eb-parent-wrapper eb-parent-eb-image-gallery-v986f \"><div class=\"eb-gallery-img-wrapper eb-image-gallery-v986f grid overlay-bottom caption-style-0   no-isotope \" data-id=\"eb-image-gallery-v986f\"><a href=\"https:\/\/spitzbergen-adventures.com\/wp-content\/uploads\/2024\/10\/Discover-Lodge-1.webp\" rel=\"noopener\" data-fslightbox=\"gallery\" data-type=\"image\" class=\"eb-gallery-img-content eb-filter-img-\"><span class=\"eb-gallery-link-wrapper\"><img decoding=\"async\" class=\"eb-gallery-img\" src=\"https:\/\/spitzbergen-adventures.com\/wp-content\/uploads\/2024\/10\/Discover-Lodge-1.webp\" image-index=\"0\" alt=\"Discover Lodge 1\"\/><\/span><\/a><a href=\"https:\/\/spitzbergen-adventures.com\/wp-content\/uploads\/2024\/10\/Discover-Lodge-2.webp\" rel=\"noopener\" data-fslightbox=\"gallery\" data-type=\"image\" class=\"eb-gallery-img-content eb-filter-img-\"><span class=\"eb-gallery-link-wrapper\"><img decoding=\"async\" class=\"eb-gallery-img\" src=\"https:\/\/spitzbergen-adventures.com\/wp-content\/uploads\/2024\/10\/Discover-Lodge-2.webp\" image-index=\"1\" alt=\"Discover Lodge 2\"\/><\/span><\/a><a href=\"https:\/\/spitzbergen-adventures.com\/wp-content\/uploads\/2024\/10\/Discover-Lodge-3.webp\" rel=\"noopener\" data-fslightbox=\"gallery\" data-type=\"image\" class=\"eb-gallery-img-content eb-filter-img-\"><span class=\"eb-gallery-link-wrapper\"><img decoding=\"async\" class=\"eb-gallery-img\" src=\"https:\/\/spitzbergen-adventures.com\/wp-content\/uploads\/2024\/10\/Discover-Lodge-3.webp\" image-index=\"2\" alt=\"Discover Lodge 3\"\/><\/span><\/a><a href=\"https:\/\/spitzbergen-adventures.com\/wp-content\/uploads\/2024\/10\/Discover-Lodge-4.webp\" rel=\"noopener\" data-fslightbox=\"gallery\" data-type=\"image\" class=\"eb-gallery-img-content eb-filter-img-\"><span class=\"eb-gallery-link-wrapper\"><img decoding=\"async\" class=\"eb-gallery-img\" src=\"https:\/\/spitzbergen-adventures.com\/wp-content\/uploads\/2024\/10\/Discover-Lodge-4.webp\" image-index=\"3\" alt=\"Discover Lodge 4\"\/><\/span><\/a><a href=\"https:\/\/spitzbergen-adventures.com\/wp-content\/uploads\/2024\/10\/Discover-Lodge-5.webp\" rel=\"noopener\" data-fslightbox=\"gallery\" data-type=\"image\" class=\"eb-gallery-img-content eb-filter-img-\"><span class=\"eb-gallery-link-wrapper\"><img decoding=\"async\" class=\"eb-gallery-img\" src=\"https:\/\/spitzbergen-adventures.com\/wp-content\/uploads\/2024\/10\/Discover-Lodge-5.webp\" image-index=\"4\" alt=\"Discover Lodge 5\"\/><\/span><\/a><\/div><\/div><\/div>\n\n<\/div>\n<\/div>\n<\/div>","protected":false},"excerpt":{"rendered":"<p>Discover Lodge Opplev den unike sjarmen til Discover Lodge, en koselig hytte som ligger ved en huskyfarm som har plass &#8230; <a title=\"Discover Lodge\" class=\"read-more\" href=\"https:\/\/spitzbergen-adventures.com\/no\/overnatting\/discover-lodge\/\" aria-label=\"Read more about Discover Lodge\">Les mer<\/a><\/p>\n","protected":false},"author":1,"featured_media":0,"parent":845,"menu_order":0,"comment_status":"closed","ping_status":"closed","template":"","meta":{"_eb_attr":"","slim_seo":{"title":"Discover Lodge - Spitzbergen Adventures AS","description":""},"footnotes":""},"class_list":["post-886","page","type-page","status-publish"],"_links":{"self":[{"href":"https:\/\/spitzbergen-adventures.com\/no\/wp-json\/wp\/v2\/pages\/886","targetHints":{"allow":["GET"]}}],"collection":[{"href":"https:\/\/spitzbergen-adventures.com\/no\/wp-json\/wp\/v2\/pages"}],"about":[{"href":"https:\/\/spitzbergen-adventures.com\/no\/wp-json\/wp\/v2\/types\/page"}],"author":[{"embeddable":true,"href":"https:\/\/spitzbergen-adventures.com\/no\/wp-json\/wp\/v2\/users\/1"}],"replies":[{"embeddable":true,"href":"https:\/\/spitzbergen-adventures.com\/no\/wp-json\/wp\/v2\/comments?post=886"}],"version-history":[{"count":11,"href":"https:\/\/spitzbergen-adventures.com\/no\/wp-json\/wp\/v2\/pages\/886\/revisions"}],"predecessor-version":[{"id":1106,"href":"https:\/\/spitzbergen-adventures.com\/no\/wp-json\/wp\/v2\/pages\/886\/revisions\/1106"}],"up":[{"embeddable":true,"href":"https:\/\/spitzbergen-adventures.com\/no\/wp-json\/wp\/v2\/pages\/845"}],"wp:attachment":[{"href":"https:\/\/spitzbergen-adventures.com\/no\/wp-json\/wp\/v2\/media?parent=886"}],"curies":[{"name":"wp","href":"https:\/\/api.w.org\/{rel}","templated":true}]}}